{"id":18895,"date":"2014-08-29T13:40:06","date_gmt":"2014-08-29T11:40:06","guid":{"rendered":"https:\/\/www.ventanasconstrumap.com\/productos\/"},"modified":"2024-07-04T11:06:39","modified_gmt":"2024-07-04T09:06:39","slug":"productes","status":"publish","type":"page","link":"https:\/\/www.ventanasconstrumap.com\/ca\/productes\/","title":{"rendered":"Productes"},"content":{"rendered":"\t\t<div data-elementor-type=\"wp-page\" data-elementor-id=\"18895\" class=\"elementor elementor-18895\" data-elementor-post-type=\"page\">\n\t\t\t\t\t\t<section class=\"elementor-section elementor-top-section elementor-element elementor-element-34ff4b4 elementor-section-boxed elementor-section-height-default elementor-section-height-default\" data-id=\"34ff4b4\" data-element_type=\"section\" data-e-type=\"section\">\n\t\t\t\t\t\t<div class=\"elementor-container elementor-column-gap-default\">\n\t\t\t\t\t<div class=\"elementor-column elementor-col-100 elementor-top-column elementor-element elementor-element-26370a0\" data-id=\"26370a0\" data-element_type=\"column\" data-e-type=\"column\">\n\t\t\t<div class=\"elementor-widget-wrap elementor-element-populated\">\n\t\t\t\t\t\t<div class=\"elementor-element elementor-element-19ebade elementor-widget elementor-widget-heading\" data-id=\"19ebade\" data-element_type=\"widget\" data-e-type=\"widget\" data-widget_type=\"heading.default\">\n\t\t\t\t<div class=\"elementor-widget-container\">\n\t\t\t\t\t<h1 class=\"elementor-heading-title elementor-size-default\">Productes i serveis<\/h1>\t\t\t\t<\/div>\n\t\t\t\t<\/div>\n\t\t\t\t<div class=\"elementor-element elementor-element-110fab11 elementor-widget elementor-widget-text-editor\" data-id=\"110fab11\" data-element_type=\"widget\" data-e-type=\"widget\" data-widget_type=\"text-editor.default\">\n\t\t\t\t<div class=\"elementor-widget-container\">\n\t\t\t\t\t\t\t\t\t<p align=\"JUSTIFY\"><span style=\"font-family: 'Century Gothic', sans-serif;\">Despr\u00e9s de <strong>m\u00e9s de 40 anys d&#8217;experi\u00e8ncia<\/strong> en el sector de la <strong>fusteria met\u00e0l\u00b7lica<\/strong>, en <strong>Construmap<\/strong> hem aconseguit oferir als nostres clients una \u00e0mplia varietat de productes de <span style=\"color: #a8231e;\"><a style=\"color: #a8231e;\" title=\"Carpinter\u00eda aluminio Barcelona\" href=\"\/ca\/carpinteria-alumini-barcelona\/\">fusteria d&#8217;alumini a Barcelona<\/a><\/span>. Tots ells es caracteritzen per ser realitzats amb la <strong>m\u00e0xima qualitat i el millor servei<\/strong>. <\/span><span style=\"font-family: 'Century Gothic', sans-serif;\">El nostre equip est\u00e0 format per professionals altament qualificats per a fer <strong>treballs a mesura de metal\u00b7listeria<\/strong>, <span style=\"color: #a8231e;\"><a style=\"color: #a8231e;\" title=\"Ventanas aluminio Barcelona\" href=\"\/ca\/finestres-alumini-barcelona\/\">finestres d&#8217;alumini a Barcelona<\/a><\/span>, adaptant-se a les necessitats de cada client i utilitzant la maquin\u00e0ria m\u00e9s avan\u00e7ada per a crear sempre productes actualitzats.<\/span><\/p><p align=\"JUSTIFY\"><span style=\"font-family: 'Century Gothic', sans-serif;\">Els nostres valors professionals s\u00f3n la <strong>innovaci\u00f3<\/strong>, la <strong>qualitat<\/strong> i la <strong>seguretat<\/strong>. Per aix\u00f2, realitzem una cerca constant de l&#8217;efici\u00e8ncia perqu\u00e8 tots ells siguin presents en cadascun dels projectes que duem a terme, els quals es realitzen amb les mesures de seguretat m\u00e9s exigents. <\/span><\/p>\t\t\t\t\t\t\t\t<\/div>\n\t\t\t\t<\/div>\n\t\t\t\t\t<\/div>\n\t\t<\/div>\n\t\t\t\t\t<\/div>\n\t\t<\/section>\n\t\t\t\t<section class=\"elementor-section elementor-top-section elementor-element elementor-element-1f50b04 elementor-section-full_width elementor-section-stretched elementor-section-height-default elementor-section-height-default\" data-id=\"1f50b04\" data-element_type=\"section\" data-e-type=\"section\" data-settings=\"{&quot;stretch_section&quot;:&quot;section-stretched&quot;}\">\n\t\t\t\t\t\t<div class=\"elementor-container elementor-column-gap-default\">\n\t\t\t\t\t<div class=\"elementor-column elementor-col-33 elementor-top-column elementor-element elementor-element-014e390\" data-id=\"014e390\" data-element_type=\"column\" data-e-type=\"column\" data-settings=\"{&quot;background_background&quot;:&quot;classic&quot;}\">\n\t\t\t<div class=\"elementor-widget-wrap elementor-element-populated\">\n\t\t\t\t\t<div class=\"elementor-background-overlay\"><\/div>\n\t\t\t\t\t\t<div class=\"elementor-element elementor-element-03278e3 elementor-widget__width-initial elementor-widget elementor-widget-heading\" data-id=\"03278e3\" data-element_type=\"widget\" data-e-type=\"widget\" data-widget_type=\"heading.default\">\n\t\t\t\t<div class=\"elementor-widget-container\">\n\t\t\t\t\t<p class=\"elementor-heading-title elementor-size-default\">Fusteria finestres<\/p>\t\t\t\t<\/div>\n\t\t\t\t<\/div>\n\t\t\t\t\t<\/div>\n\t\t<\/div>\n\t\t\t\t<div class=\"elementor-column elementor-col-33 elementor-top-column elementor-element elementor-element-82a5a10\" data-id=\"82a5a10\" data-element_type=\"column\" data-e-type=\"column\" data-settings=\"{&quot;background_background&quot;:&quot;classic&quot;}\">\n\t\t\t<div class=\"elementor-widget-wrap elementor-element-populated\">\n\t\t\t\t\t<div class=\"elementor-background-overlay\"><\/div>\n\t\t\t\t\t\t<div class=\"elementor-element elementor-element-88e8f21 elementor-widget__width-initial elementor-widget elementor-widget-heading\" data-id=\"88e8f21\" data-element_type=\"widget\" data-e-type=\"widget\" data-widget_type=\"heading.default\">\n\t\t\t\t<div class=\"elementor-widget-container\">\n\t\t\t\t\t<p class=\"elementor-heading-title elementor-size-default\">ESTRUCTURES MET\u00c0L\u00b7LIQUES<\/p>\t\t\t\t<\/div>\n\t\t\t\t<\/div>\n\t\t\t\t\t<\/div>\n\t\t<\/div>\n\t\t\t\t<div class=\"elementor-column elementor-col-33 elementor-top-column elementor-element elementor-element-b87c876\" data-id=\"b87c876\" data-element_type=\"column\" data-e-type=\"column\" data-settings=\"{&quot;background_background&quot;:&quot;classic&quot;}\">\n\t\t\t<div class=\"elementor-widget-wrap elementor-element-populated\">\n\t\t\t\t\t<div class=\"elementor-background-overlay\"><\/div>\n\t\t\t\t\t\t<div class=\"elementor-element elementor-element-c1f4f5e elementor-widget__width-initial elementor-widget elementor-widget-heading\" data-id=\"c1f4f5e\" data-element_type=\"widget\" data-e-type=\"widget\" data-widget_type=\"heading.default\">\n\t\t\t\t<div class=\"elementor-widget-container\">\n\t\t\t\t\t<p class=\"elementor-heading-title elementor-size-default\">MURS DE CORTINA, FA\u00c7ANES VENTILADES<\/p>\t\t\t\t<\/div>\n\t\t\t\t<\/div>\n\t\t\t\t\t<\/div>\n\t\t<\/div>\n\t\t\t\t\t<\/div>\n\t\t<\/section>\n\t\t\t\t<section class=\"elementor-section elementor-top-section elementor-element elementor-element-1511b6a elementor-section-full_width elementor-section-stretched elementor-section-height-default elementor-section-height-default\" data-id=\"1511b6a\" data-element_type=\"section\" data-e-type=\"section\" data-settings=\"{&quot;stretch_section&quot;:&quot;section-stretched&quot;}\">\n\t\t\t\t\t\t<div class=\"elementor-container elementor-column-gap-default\">\n\t\t\t\t\t<div class=\"elementor-column elementor-col-33 elementor-top-column elementor-element elementor-element-a9abd07\" data-id=\"a9abd07\" data-element_type=\"column\" data-e-type=\"column\" data-settings=\"{&quot;background_background&quot;:&quot;classic&quot;}\">\n\t\t\t<div class=\"elementor-widget-wrap elementor-element-populated\">\n\t\t\t\t\t<div class=\"elementor-background-overlay\"><\/div>\n\t\t\t\t\t\t<div class=\"elementor-element elementor-element-f7c6a49 elementor-widget__width-initial elementor-widget elementor-widget-heading\" data-id=\"f7c6a49\" data-element_type=\"widget\" data-e-type=\"widget\" data-widget_type=\"heading.default\">\n\t\t\t\t<div class=\"elementor-widget-container\">\n\t\t\t\t\t<p class=\"elementor-heading-title elementor-size-default\">BARANES, ESCALES\n<\/p>\t\t\t\t<\/div>\n\t\t\t\t<\/div>\n\t\t\t\t\t<\/div>\n\t\t<\/div>\n\t\t\t\t<div class=\"elementor-column elementor-col-33 elementor-top-column elementor-element elementor-element-b0df83d\" data-id=\"b0df83d\" data-element_type=\"column\" data-e-type=\"column\" data-settings=\"{&quot;background_background&quot;:&quot;classic&quot;}\">\n\t\t\t<div class=\"elementor-widget-wrap elementor-element-populated\">\n\t\t\t\t\t<div class=\"elementor-background-overlay\"><\/div>\n\t\t\t\t\t\t<div class=\"elementor-element elementor-element-6e008a5 elementor-widget__width-initial elementor-widget elementor-widget-heading\" data-id=\"6e008a5\" data-element_type=\"widget\" data-e-type=\"widget\" data-widget_type=\"heading.default\">\n\t\t\t\t<div class=\"elementor-widget-container\">\n\t\t\t\t\t<p class=\"elementor-heading-title elementor-size-default\">REIXES PORTES (SERRALLERIA)<\/p>\t\t\t\t<\/div>\n\t\t\t\t<\/div>\n\t\t\t\t\t<\/div>\n\t\t<\/div>\n\t\t\t\t<div class=\"elementor-column elementor-col-33 elementor-top-column elementor-element elementor-element-2a9d9fe\" data-id=\"2a9d9fe\" data-element_type=\"column\" data-e-type=\"column\" data-settings=\"{&quot;background_background&quot;:&quot;classic&quot;}\">\n\t\t\t<div class=\"elementor-widget-wrap elementor-element-populated\">\n\t\t\t\t\t<div class=\"elementor-background-overlay\"><\/div>\n\t\t\t\t\t\t<div class=\"elementor-element elementor-element-41638c0 elementor-widget__width-initial elementor-widget elementor-widget-heading\" data-id=\"41638c0\" data-element_type=\"widget\" data-e-type=\"widget\" data-widget_type=\"heading.default\">\n\t\t\t\t<div class=\"elementor-widget-container\">\n\t\t\t\t\t<p class=\"elementor-heading-title elementor-size-default\">AUTOMATISMES<\/p>\t\t\t\t<\/div>\n\t\t\t\t<\/div>\n\t\t\t\t\t<\/div>\n\t\t<\/div>\n\t\t\t\t\t<\/div>\n\t\t<\/section>\n\t\t\t\t<section class=\"elementor-section elementor-top-section elementor-element elementor-element-53699a9 elementor-section-boxed elementor-section-height-default elementor-section-height-default\" data-id=\"53699a9\" data-element_type=\"section\" data-e-type=\"section\" data-settings=\"{&quot;background_background&quot;:&quot;classic&quot;}\">\n\t\t\t\t\t\t<div class=\"elementor-container elementor-column-gap-default\">\n\t\t\t\t\t<div class=\"elementor-column elementor-col-100 elementor-top-column elementor-element elementor-element-930e1d3\" data-id=\"930e1d3\" data-element_type=\"column\" data-e-type=\"column\">\n\t\t\t<div class=\"elementor-widget-wrap elementor-element-populated\">\n\t\t\t\t\t\t<div class=\"elementor-element elementor-element-a9ff50d elementor-widget elementor-widget-menu-anchor\" data-id=\"a9ff50d\" data-element_type=\"widget\" data-e-type=\"widget\" data-widget_type=\"menu-anchor.default\">\n\t\t\t\t<div class=\"elementor-widget-container\">\n\t\t\t\t\t\t\t<div class=\"elementor-menu-anchor\" id=\"form-landing\"><\/div>\n\t\t\t\t\t\t<\/div>\n\t\t\t\t<\/div>\n\t\t\t\t<div class=\"elementor-element elementor-element-cb9e35e elementor-widget elementor-widget-heading\" data-id=\"cb9e35e\" data-element_type=\"widget\" data-e-type=\"widget\" data-widget_type=\"heading.default\">\n\t\t\t\t<div class=\"elementor-widget-container\">\n\t\t\t\t\t<h2 class=\"elementor-heading-title elementor-size-default\"><span style=\"color:#A8241F\">SOL\u00b7LICITA PRESSUPOST<\/span> GRATU\u00cfTAMENT<\/h2>\t\t\t\t<\/div>\n\t\t\t\t<\/div>\n\t\t\t\t<section class=\"elementor-section elementor-inner-section elementor-element elementor-element-6f440ba elementor-section-boxed elementor-section-height-default elementor-section-height-default\" data-id=\"6f440ba\" data-element_type=\"section\" data-e-type=\"section\">\n\t\t\t\t\t\t<div class=\"elementor-container elementor-column-gap-default\">\n\t\t\t\t\t<div class=\"elementor-column elementor-col-50 elementor-inner-column elementor-element elementor-element-39f94c4\" data-id=\"39f94c4\" data-element_type=\"column\" data-e-type=\"column\">\n\t\t\t<div class=\"elementor-widget-wrap elementor-element-populated\">\n\t\t\t\t\t\t<div class=\"elementor-element elementor-element-c7ee492 elementor-widget elementor-widget-image\" data-id=\"c7ee492\" data-element_type=\"widget\" data-e-type=\"widget\" data-widget_type=\"image.default\">\n\t\t\t\t<div class=\"elementor-widget-container\">\n\t\t\t\t\t\t\t\t\t\t\t\t\t\t\t<img decoding=\"async\" src=\"https:\/\/www.ventanasconstrumap.com\/wp-content\/uploads\/elementor\/thumbs\/Elipse_2@2x-1-rinkq303qnnttqjtk69j7ieooucpzttqk8g7w7re58.png\" title=\"Elipse_2@2x.png\" alt=\"Elipse_2@2x.png\" loading=\"lazy\" \/>\t\t\t\t\t\t\t\t\t\t\t\t\t\t\t<\/div>\n\t\t\t\t<\/div>\n\t\t\t\t<div class=\"elementor-element elementor-element-1039edd elementor-icon-list--layout-traditional elementor-list-item-link-full_width elementor-widget elementor-widget-icon-list\" data-id=\"1039edd\" data-element_type=\"widget\" data-e-type=\"widget\" data-widget_type=\"icon-list.default\">\n\t\t\t\t<div class=\"elementor-widget-container\">\n\t\t\t\t\t\t\t<ul class=\"elementor-icon-list-items\">\n\t\t\t\t\t\t\t<li class=\"elementor-icon-list-item\">\n\t\t\t\t\t\t\t\t\t\t\t<span class=\"elementor-icon-list-icon\">\n\t\t\t\t\t\t\t<i aria-hidden=\"true\" class=\"fas fa-map-marker-alt\"><\/i>\t\t\t\t\t\t<\/span>\n\t\t\t\t\t\t\t\t\t\t<span class=\"elementor-icon-list-text\">C\/ Ramon y Cajal, 157 08222 Terrassa (Barcelona)<\/span>\n\t\t\t\t\t\t\t\t\t<\/li>\n\t\t\t\t\t\t\t\t<li class=\"elementor-icon-list-item\">\n\t\t\t\t\t\t\t\t\t\t\t<a href=\"tel:+34937858785\">\n\n\t\t\t\t\t\t\t\t\t\t\t\t<span class=\"elementor-icon-list-icon\">\n\t\t\t\t\t\t\t<i aria-hidden=\"true\" class=\"fas fa-phone-alt\"><\/i>\t\t\t\t\t\t<\/span>\n\t\t\t\t\t\t\t\t\t\t<span class=\"elementor-icon-list-text\">+34 937 858 785<\/span>\n\t\t\t\t\t\t\t\t\t\t\t<\/a>\n\t\t\t\t\t\t\t\t\t<\/li>\n\t\t\t\t\t\t\t\t<li class=\"elementor-icon-list-item\">\n\t\t\t\t\t\t\t\t\t\t\t<a href=\"mailto:info.construmap@gmail.com\">\n\n\t\t\t\t\t\t\t\t\t\t\t\t<span class=\"elementor-icon-list-icon\">\n\t\t\t\t\t\t\t<i aria-hidden=\"true\" class=\"fas fa-envelope\"><\/i>\t\t\t\t\t\t<\/span>\n\t\t\t\t\t\t\t\t\t\t<span class=\"elementor-icon-list-text\">info.construmap@gmail.com<\/span>\n\t\t\t\t\t\t\t\t\t\t\t<\/a>\n\t\t\t\t\t\t\t\t\t<\/li>\n\t\t\t\t\t\t<\/ul>\n\t\t\t\t\t\t<\/div>\n\t\t\t\t<\/div>\n\t\t\t\t\t<\/div>\n\t\t<\/div>\n\t\t\t\t<div class=\"elementor-column elementor-col-50 elementor-inner-column elementor-element elementor-element-acb804f\" data-id=\"acb804f\" data-element_type=\"column\" data-e-type=\"column\">\n\t\t\t<div class=\"elementor-widget-wrap\">\n\t\t\t\t\t\t\t<\/div>\n\t\t<\/div>\n\t\t\t\t\t<\/div>\n\t\t<\/section>\n\t\t\t\t\t<\/div>\n\t\t<\/div>\n\t\t\t\t\t<\/div>\n\t\t<\/section>\n\t\t\t\t<\/div>\n\t\t","protected":false},"excerpt":{"rendered":"<p>Productes i serveis Despr\u00e9s de m\u00e9s de 40 anys d&#8217;experi\u00e8ncia en el sector de la fusteria met\u00e0l\u00b7lica, en Construmap hem aconseguit oferir als nostres clients una \u00e0mplia varietat de productes de fusteria d&#8217;alumini a Barcelona. Tots ells es caracteritzen per ser realitzats amb la m\u00e0xima&#8230;<\/p>\n","protected":false},"author":1,"featured_media":0,"parent":0,"menu_order":0,"comment_status":"open","ping_status":"open","template":"elementor_header_footer","meta":{"footnotes":""},"class_list":["post-18895","page","type-page","status-publish","hentry"],"yoast_head":"<!-- This site is optimized with the Yoast SEO plugin v27.2 - https:\/\/yoast.com\/product\/yoast-seo-wordpress\/ -->\n<title>Productos destacados aluminio Barcelona - Metalister\u00eda Construmap<\/title>\n<meta name=\"description\" content=\"Consulta nuestros productos. Estructuras met\u00e1licas, muros de cortina, ventanas de aluminio, escaleras, puertas y automatismos. Nos dedicamos a la fabricaci\u00f3n y montaje de estructuras met\u00e1licas para cerramientos, fachadas, cubiertas... \u00a1Inf\u00f3rmate en nuestra web sin compromiso!\" \/>\n<meta name=\"robots\" content=\"index, follow, max-snippet:-1, max-image-preview:large, max-video-preview:-1\" \/>\n<link rel=\"canonical\" href=\"https:\/\/www.ventanasconstrumap.com\/productos\/\" \/>\n<meta property=\"og:locale\" content=\"ca_ES\" \/>\n<meta property=\"og:type\" content=\"article\" \/>\n<meta property=\"og:title\" content=\"Productos destacados aluminio Barcelona - Metalister\u00eda Construmap\" \/>\n<meta property=\"og:description\" content=\"Consulta nuestros productos. Estructuras met\u00e1licas, muros de cortina, ventanas de aluminio, escaleras, puertas y automatismos. Nos dedicamos a la fabricaci\u00f3n y montaje de estructuras met\u00e1licas para cerramientos, fachadas, cubiertas... \u00a1Inf\u00f3rmate en nuestra web sin compromiso!\" \/>\n<meta property=\"og:url\" content=\"https:\/\/www.ventanasconstrumap.com\/productos\/\" \/>\n<meta property=\"og:site_name\" content=\"Metalister\u00eda Construmap\" \/>\n<meta property=\"article:modified_time\" content=\"2024-07-04T09:06:39+00:00\" \/>\n<meta property=\"og:image\" content=\"https:\/\/www.ventanasconstrumap.com\/wp-content\/uploads\/elementor\/thumbs\/Elipse_2@2x-1-qpjxtfhbssjg32sk01af0mjychhyg3fd3qmtgtfiak.png\" \/>\n<meta name=\"twitter:card\" content=\"summary_large_image\" \/>\n<meta name=\"twitter:label1\" content=\"Temps estimat de lectura\" \/>\n\t<meta name=\"twitter:data1\" content=\"1 minut\" \/>\n<script type=\"application\/ld+json\" class=\"yoast-schema-graph\">{\"@context\":\"https:\/\/schema.org\",\"@graph\":[{\"@type\":\"WebPage\",\"@id\":\"https:\/\/www.ventanasconstrumap.com\/productos\/\",\"url\":\"https:\/\/www.ventanasconstrumap.com\/productos\/\",\"name\":\"Productos destacados aluminio Barcelona - Metalister\u00eda Construmap\",\"isPartOf\":{\"@id\":\"https:\/\/www.ventanasconstrumap.com\/#website\"},\"primaryImageOfPage\":{\"@id\":\"https:\/\/www.ventanasconstrumap.com\/productos\/#primaryimage\"},\"image\":{\"@id\":\"https:\/\/www.ventanasconstrumap.com\/productos\/#primaryimage\"},\"thumbnailUrl\":\"https:\/\/www.ventanasconstrumap.com\/wp-content\/uploads\/elementor\/thumbs\/Elipse_2@2x-1-qpjxtfhbssjg32sk01af0mjychhyg3fd3qmtgtfiak.png\",\"datePublished\":\"2014-08-29T11:40:06+00:00\",\"dateModified\":\"2024-07-04T09:06:39+00:00\",\"description\":\"Consulta nuestros productos. Estructuras met\u00e1licas, muros de cortina, ventanas de aluminio, escaleras, puertas y automatismos. Nos dedicamos a la fabricaci\u00f3n y montaje de estructuras met\u00e1licas para cerramientos, fachadas, cubiertas... \u00a1Inf\u00f3rmate en nuestra web sin compromiso!\",\"breadcrumb\":{\"@id\":\"https:\/\/www.ventanasconstrumap.com\/productos\/#breadcrumb\"},\"inLanguage\":\"ca\",\"potentialAction\":[{\"@type\":\"ReadAction\",\"target\":[\"https:\/\/www.ventanasconstrumap.com\/productos\/\"]}]},{\"@type\":\"ImageObject\",\"inLanguage\":\"ca\",\"@id\":\"https:\/\/www.ventanasconstrumap.com\/productos\/#primaryimage\",\"url\":\"https:\/\/www.ventanasconstrumap.com\/wp-content\/uploads\/elementor\/thumbs\/Elipse_2@2x-1-qpjxtfhbssjg32sk01af0mjychhyg3fd3qmtgtfiak.png\",\"contentUrl\":\"https:\/\/www.ventanasconstrumap.com\/wp-content\/uploads\/elementor\/thumbs\/Elipse_2@2x-1-qpjxtfhbssjg32sk01af0mjychhyg3fd3qmtgtfiak.png\"},{\"@type\":\"BreadcrumbList\",\"@id\":\"https:\/\/www.ventanasconstrumap.com\/productos\/#breadcrumb\",\"itemListElement\":[{\"@type\":\"ListItem\",\"position\":1,\"name\":\"Inici\",\"item\":\"https:\/\/www.ventanasconstrumap.com\/ca\/\"},{\"@type\":\"ListItem\",\"position\":2,\"name\":\"Productes\"}]},{\"@type\":\"WebSite\",\"@id\":\"https:\/\/www.ventanasconstrumap.com\/#website\",\"url\":\"https:\/\/www.ventanasconstrumap.com\/\",\"name\":\"Metalister\u00eda Construmap\",\"description\":\"\",\"potentialAction\":[{\"@type\":\"SearchAction\",\"target\":{\"@type\":\"EntryPoint\",\"urlTemplate\":\"https:\/\/www.ventanasconstrumap.com\/?s={search_term_string}\"},\"query-input\":{\"@type\":\"PropertyValueSpecification\",\"valueRequired\":true,\"valueName\":\"search_term_string\"}}],\"inLanguage\":\"ca\"}]}<\/script>\n<!-- \/ Yoast SEO plugin. -->","yoast_head_json":{"title":"Productos destacados aluminio Barcelona - Metalister\u00eda Construmap","description":"Consulta nuestros productos. Estructuras met\u00e1licas, muros de cortina, ventanas de aluminio, escaleras, puertas y automatismos. Nos dedicamos a la fabricaci\u00f3n y montaje de estructuras met\u00e1licas para cerramientos, fachadas, cubiertas... \u00a1Inf\u00f3rmate en nuestra web sin compromiso!","robots":{"index":"index","follow":"follow","max-snippet":"max-snippet:-1","max-image-preview":"max-image-preview:large","max-video-preview":"max-video-preview:-1"},"canonical":"https:\/\/www.ventanasconstrumap.com\/productos\/","og_locale":"ca_ES","og_type":"article","og_title":"Productos destacados aluminio Barcelona - Metalister\u00eda Construmap","og_description":"Consulta nuestros productos. Estructuras met\u00e1licas, muros de cortina, ventanas de aluminio, escaleras, puertas y automatismos. Nos dedicamos a la fabricaci\u00f3n y montaje de estructuras met\u00e1licas para cerramientos, fachadas, cubiertas... \u00a1Inf\u00f3rmate en nuestra web sin compromiso!","og_url":"https:\/\/www.ventanasconstrumap.com\/productos\/","og_site_name":"Metalister\u00eda Construmap","article_modified_time":"2024-07-04T09:06:39+00:00","og_image":[{"url":"https:\/\/www.ventanasconstrumap.com\/wp-content\/uploads\/elementor\/thumbs\/Elipse_2@2x-1-qpjxtfhbssjg32sk01af0mjychhyg3fd3qmtgtfiak.png","type":"","width":"","height":""}],"twitter_card":"summary_large_image","twitter_misc":{"Temps estimat de lectura":"1 minut"},"schema":{"@context":"https:\/\/schema.org","@graph":[{"@type":"WebPage","@id":"https:\/\/www.ventanasconstrumap.com\/productos\/","url":"https:\/\/www.ventanasconstrumap.com\/productos\/","name":"Productos destacados aluminio Barcelona - Metalister\u00eda Construmap","isPartOf":{"@id":"https:\/\/www.ventanasconstrumap.com\/#website"},"primaryImageOfPage":{"@id":"https:\/\/www.ventanasconstrumap.com\/productos\/#primaryimage"},"image":{"@id":"https:\/\/www.ventanasconstrumap.com\/productos\/#primaryimage"},"thumbnailUrl":"https:\/\/www.ventanasconstrumap.com\/wp-content\/uploads\/elementor\/thumbs\/Elipse_2@2x-1-qpjxtfhbssjg32sk01af0mjychhyg3fd3qmtgtfiak.png","datePublished":"2014-08-29T11:40:06+00:00","dateModified":"2024-07-04T09:06:39+00:00","description":"Consulta nuestros productos. Estructuras met\u00e1licas, muros de cortina, ventanas de aluminio, escaleras, puertas y automatismos. Nos dedicamos a la fabricaci\u00f3n y montaje de estructuras met\u00e1licas para cerramientos, fachadas, cubiertas... \u00a1Inf\u00f3rmate en nuestra web sin compromiso!","breadcrumb":{"@id":"https:\/\/www.ventanasconstrumap.com\/productos\/#breadcrumb"},"inLanguage":"ca","potentialAction":[{"@type":"ReadAction","target":["https:\/\/www.ventanasconstrumap.com\/productos\/"]}]},{"@type":"ImageObject","inLanguage":"ca","@id":"https:\/\/www.ventanasconstrumap.com\/productos\/#primaryimage","url":"https:\/\/www.ventanasconstrumap.com\/wp-content\/uploads\/elementor\/thumbs\/Elipse_2@2x-1-qpjxtfhbssjg32sk01af0mjychhyg3fd3qmtgtfiak.png","contentUrl":"https:\/\/www.ventanasconstrumap.com\/wp-content\/uploads\/elementor\/thumbs\/Elipse_2@2x-1-qpjxtfhbssjg32sk01af0mjychhyg3fd3qmtgtfiak.png"},{"@type":"BreadcrumbList","@id":"https:\/\/www.ventanasconstrumap.com\/productos\/#breadcrumb","itemListElement":[{"@type":"ListItem","position":1,"name":"Inici","item":"https:\/\/www.ventanasconstrumap.com\/ca\/"},{"@type":"ListItem","position":2,"name":"Productes"}]},{"@type":"WebSite","@id":"https:\/\/www.ventanasconstrumap.com\/#website","url":"https:\/\/www.ventanasconstrumap.com\/","name":"Metalister\u00eda Construmap","description":"","potentialAction":[{"@type":"SearchAction","target":{"@type":"EntryPoint","urlTemplate":"https:\/\/www.ventanasconstrumap.com\/?s={search_term_string}"},"query-input":{"@type":"PropertyValueSpecification","valueRequired":true,"valueName":"search_term_string"}}],"inLanguage":"ca"}]}},"_links":{"self":[{"href":"https:\/\/www.ventanasconstrumap.com\/ca\/wp-json\/wp\/v2\/pages\/18895","targetHints":{"allow":["GET"]}}],"collection":[{"href":"https:\/\/www.ventanasconstrumap.com\/ca\/wp-json\/wp\/v2\/pages"}],"about":[{"href":"https:\/\/www.ventanasconstrumap.com\/ca\/wp-json\/wp\/v2\/types\/page"}],"author":[{"embeddable":true,"href":"https:\/\/www.ventanasconstrumap.com\/ca\/wp-json\/wp\/v2\/users\/1"}],"replies":[{"embeddable":true,"href":"https:\/\/www.ventanasconstrumap.com\/ca\/wp-json\/wp\/v2\/comments?post=18895"}],"version-history":[{"count":13,"href":"https:\/\/www.ventanasconstrumap.com\/ca\/wp-json\/wp\/v2\/pages\/18895\/revisions"}],"predecessor-version":[{"id":19954,"href":"https:\/\/www.ventanasconstrumap.com\/ca\/wp-json\/wp\/v2\/pages\/18895\/revisions\/19954"}],"wp:attachment":[{"href":"https:\/\/www.ventanasconstrumap.com\/ca\/wp-json\/wp\/v2\/media?parent=18895"}],"curies":[{"name":"wp","href":"https:\/\/api.w.org\/{rel}","templated":true}]}}