{"id":18932,"date":"2019-05-24T10:22:47","date_gmt":"2019-05-24T08:22:47","guid":{"rendered":"https:\/\/www.ventanasconstrumap.com\/estructuras-metalicas\/"},"modified":"2024-07-04T11:12:15","modified_gmt":"2024-07-04T09:12:15","slug":"estructures-metaliques","status":"publish","type":"page","link":"https:\/\/www.ventanasconstrumap.com\/ca\/estructures-metaliques\/","title":{"rendered":"Estructures met\u00e0l\u00b7liques"},"content":{"rendered":"\t\t<div data-elementor-type=\"wp-page\" data-elementor-id=\"18932\" class=\"elementor elementor-18932\" data-elementor-post-type=\"page\">\n\t\t\t\t\t\t<section class=\"elementor-section elementor-top-section elementor-element elementor-element-dcbed35 elementor-section-content-middle elementor-section-boxed elementor-section-height-default elementor-section-height-default\" data-id=\"dcbed35\" data-element_type=\"section\" data-e-type=\"section\" data-settings=\"{&quot;background_background&quot;:&quot;classic&quot;}\">\n\t\t\t\t\t\t\t<div class=\"elementor-background-overlay\"><\/div>\n\t\t\t\t\t\t\t<div class=\"elementor-container elementor-column-gap-no\">\n\t\t\t\t\t<div class=\"elementor-column elementor-col-50 elementor-top-column elementor-element elementor-element-cf94053\" data-id=\"cf94053\" data-element_type=\"column\" data-e-type=\"column\">\n\t\t\t<div class=\"elementor-widget-wrap elementor-element-populated\">\n\t\t\t\t\t\t<div class=\"elementor-element elementor-element-60fb08e elementor-widget elementor-widget-heading\" data-id=\"60fb08e\" data-element_type=\"widget\" data-e-type=\"widget\" data-widget_type=\"heading.default\">\n\t\t\t\t<div class=\"elementor-widget-container\">\n\t\t\t\t\t<h1 class=\"elementor-heading-title elementor-size-default\">ESTRUCTURES MET\u00c0L\u00b7LIQUES\n<\/h1>\t\t\t\t<\/div>\n\t\t\t\t<\/div>\n\t\t\t\t<div class=\"elementor-element elementor-element-2103c27 elementor-align-left elementor-widget elementor-widget-button\" data-id=\"2103c27\" data-element_type=\"widget\" data-e-type=\"widget\" data-widget_type=\"button.default\">\n\t\t\t\t<div class=\"elementor-widget-container\">\n\t\t\t\t\t\t\t\t\t<div class=\"elementor-button-wrapper\">\n\t\t\t\t\t<a class=\"elementor-button elementor-button-link elementor-size-sm\" href=\"#form-landing\">\n\t\t\t\t\t\t<span class=\"elementor-button-content-wrapper\">\n\t\t\t\t\t\t<span class=\"elementor-button-icon\">\n\t\t\t\t<i aria-hidden=\"true\" class=\"fas fa-arrow-right\"><\/i>\t\t\t<\/span>\n\t\t\t\t\t\t\t\t\t<span class=\"elementor-button-text\"> Sol\u00b7licitar un Pressupost<\/span>\n\t\t\t\t\t<\/span>\n\t\t\t\t\t<\/a>\n\t\t\t\t<\/div>\n\t\t\t\t\t\t\t\t<\/div>\n\t\t\t\t<\/div>\n\t\t\t\t\t<\/div>\n\t\t<\/div>\n\t\t\t\t<div class=\"elementor-column elementor-col-50 elementor-top-column elementor-element elementor-element-98c6f58 elementor-hidden-tablet elementor-hidden-phone\" data-id=\"98c6f58\" data-element_type=\"column\" data-e-type=\"column\">\n\t\t\t<div class=\"elementor-widget-wrap\">\n\t\t\t\t\t\t\t<\/div>\n\t\t<\/div>\n\t\t\t\t\t<\/div>\n\t\t<\/section>\n\t\t\t\t<section class=\"elementor-section elementor-top-section elementor-element elementor-element-9174cca elementor-section-boxed elementor-section-height-default elementor-section-height-default\" data-id=\"9174cca\" data-element_type=\"section\" data-e-type=\"section\">\n\t\t\t\t\t\t<div class=\"elementor-container elementor-column-gap-default\">\n\t\t\t\t\t<div class=\"elementor-column elementor-col-100 elementor-top-column elementor-element elementor-element-08ebedc\" data-id=\"08ebedc\" data-element_type=\"column\" data-e-type=\"column\">\n\t\t\t<div class=\"elementor-widget-wrap elementor-element-populated\">\n\t\t\t\t\t\t<div class=\"elementor-element elementor-element-99a89e8 elementor-hidden-desktop elementor-hidden-tablet elementor-widget elementor-widget-image\" data-id=\"99a89e8\" data-element_type=\"widget\" data-e-type=\"widget\" data-widget_type=\"image.default\">\n\t\t\t\t<div class=\"elementor-widget-container\">\n\t\t\t\t\t\t\t\t\t\t\t\t\t\t\t<img fetchpriority=\"high\" decoding=\"async\" width=\"1024\" height=\"768\" src=\"https:\/\/www.ventanasconstrumap.com\/wp-content\/uploads\/2019\/05\/estructuras-metalicas-barcelona-1024x768.png\" class=\"attachment-large size-large wp-image-16188\" alt=\"estrucuturas met\u00e1licas barcelona\" srcset=\"https:\/\/www.ventanasconstrumap.com\/wp-content\/uploads\/2019\/05\/estructuras-metalicas-barcelona-1024x768.png 1024w, https:\/\/www.ventanasconstrumap.com\/wp-content\/uploads\/2019\/05\/estructuras-metalicas-barcelona-300x225.png 300w, https:\/\/www.ventanasconstrumap.com\/wp-content\/uploads\/2019\/05\/estructuras-metalicas-barcelona-768x576.png 768w, https:\/\/www.ventanasconstrumap.com\/wp-content\/uploads\/2019\/05\/estructuras-metalicas-barcelona-800x600.png 800w, https:\/\/www.ventanasconstrumap.com\/wp-content\/uploads\/2019\/05\/estructuras-metalicas-barcelona-700x525.png 700w\" sizes=\"(max-width: 1024px) 100vw, 1024px\" title=\"\">\t\t\t\t\t\t\t\t\t\t\t\t\t\t\t<\/div>\n\t\t\t\t<\/div>\n\t\t\t\t\t<\/div>\n\t\t<\/div>\n\t\t\t\t\t<\/div>\n\t\t<\/section>\n\t\t\t\t<section class=\"elementor-section elementor-top-section elementor-element elementor-element-0421665 elementor-section-boxed elementor-section-height-default elementor-section-height-default\" data-id=\"0421665\" data-element_type=\"section\" data-e-type=\"section\">\n\t\t\t\t\t\t<div class=\"elementor-container elementor-column-gap-default\">\n\t\t\t\t\t<div class=\"elementor-column elementor-col-50 elementor-top-column elementor-element elementor-element-a3a0e02\" data-id=\"a3a0e02\" data-element_type=\"column\" data-e-type=\"column\">\n\t\t\t<div class=\"elementor-widget-wrap elementor-element-populated\">\n\t\t\t\t\t\t<div class=\"elementor-element elementor-element-8ee945c elementor-widget elementor-widget-text-editor\" data-id=\"8ee945c\" data-element_type=\"widget\" data-e-type=\"widget\" data-widget_type=\"text-editor.default\">\n\t\t\t\t<div class=\"elementor-widget-container\">\n\t\t\t\t\t\t\t\t\t<p>Des de <strong>Metal\u00b7listeria Construmap<\/strong> podem fabricar <strong>estructures met\u00e0l\u00b7liques a Barcelona<\/strong>. <strong>Estructures met\u00e0l\u00b7liques de coberta<\/strong> i <strong>estructures met\u00e0l\u00b7liques de forjats<\/strong> amb un pes lleuger per al seu projecte o obra a realitzar. Confia en els nostres professionals per al c\u00e0lcul, <strong> fabricaci\u00f3 i execuci\u00f3 del projecte<\/strong> per a treballar tot tipus de estrucutras met\u00e0l\u00b7liques.<\/p><p>Aportem una <strong>plantilla especialitzada<\/strong> a realitzar aquest tipus de projectes, comezamos per l&#8217;esquelet met\u00e0l\u00b7lic i acabem en els tancaments de l&#8217;estructura. Un servei c\u00f2mode i complet amb tota la <strong>garantia dels nostres professionals<\/strong> en la realitzaci\u00f3 de projectes de <a title=\"Carpinter\u00eda de aluminio en Terrassa\" href=\"https:\/\/www.ventanasconstrumap.com\/ca\/\">fusteria d&#8217;alumini a Terrassa<\/a>.<\/p>\t\t\t\t\t\t\t\t<\/div>\n\t\t\t\t<\/div>\n\t\t\t\t<div class=\"elementor-element elementor-element-022a0e8 elementor-align-center elementor-widget elementor-widget-button\" data-id=\"022a0e8\" data-element_type=\"widget\" data-e-type=\"widget\" data-widget_type=\"button.default\">\n\t\t\t\t<div class=\"elementor-widget-container\">\n\t\t\t\t\t\t\t\t\t<div class=\"elementor-button-wrapper\">\n\t\t\t\t\t<a class=\"elementor-button elementor-button-link elementor-size-sm\" href=\"#form-landing\">\n\t\t\t\t\t\t<span class=\"elementor-button-content-wrapper\">\n\t\t\t\t\t\t\t\t\t<span class=\"elementor-button-text\"> Sol\u00b7licitar un Pressupost<\/span>\n\t\t\t\t\t<\/span>\n\t\t\t\t\t<\/a>\n\t\t\t\t<\/div>\n\t\t\t\t\t\t\t\t<\/div>\n\t\t\t\t<\/div>\n\t\t\t\t\t<\/div>\n\t\t<\/div>\n\t\t\t\t<div class=\"elementor-column elementor-col-50 elementor-top-column elementor-element elementor-element-b9cdfc6 elementor-hidden-phone\" data-id=\"b9cdfc6\" data-element_type=\"column\" data-e-type=\"column\" data-settings=\"{&quot;background_background&quot;:&quot;classic&quot;}\">\n\t\t\t<div class=\"elementor-widget-wrap\">\n\t\t\t\t\t\t\t<\/div>\n\t\t<\/div>\n\t\t\t\t\t<\/div>\n\t\t<\/section>\n\t\t\t\t<section class=\"elementor-section elementor-top-section elementor-element elementor-element-1426409 elementor-section-boxed elementor-section-height-default elementor-section-height-default\" data-id=\"1426409\" data-element_type=\"section\" data-e-type=\"section\">\n\t\t\t\t\t\t<div class=\"elementor-container elementor-column-gap-default\">\n\t\t\t\t\t<div class=\"elementor-column elementor-col-50 elementor-top-column elementor-element elementor-element-cc761e7 elementor-hidden-phone\" data-id=\"cc761e7\" data-element_type=\"column\" data-e-type=\"column\" data-settings=\"{&quot;background_background&quot;:&quot;classic&quot;}\">\n\t\t\t<div class=\"elementor-widget-wrap\">\n\t\t\t\t\t\t\t<\/div>\n\t\t<\/div>\n\t\t\t\t<div class=\"elementor-column elementor-col-50 elementor-top-column elementor-element elementor-element-241ff9f\" data-id=\"241ff9f\" data-element_type=\"column\" data-e-type=\"column\">\n\t\t\t<div class=\"elementor-widget-wrap elementor-element-populated\">\n\t\t\t\t\t\t<div class=\"elementor-element elementor-element-b20736b elementor-hidden-desktop elementor-hidden-tablet elementor-widget elementor-widget-image\" data-id=\"b20736b\" data-element_type=\"widget\" data-e-type=\"widget\" data-widget_type=\"image.default\">\n\t\t\t\t<div class=\"elementor-widget-container\">\n\t\t\t\t\t\t\t\t\t\t\t\t\t\t\t<img decoding=\"async\" width=\"1024\" height=\"768\" src=\"https:\/\/www.ventanasconstrumap.com\/wp-content\/uploads\/2016\/10\/Taller-1024x768.jpg\" class=\"attachment-large size-large wp-image-15572\" alt=\"taller\" srcset=\"https:\/\/www.ventanasconstrumap.com\/wp-content\/uploads\/2016\/10\/Taller-1024x768.jpg 1024w, https:\/\/www.ventanasconstrumap.com\/wp-content\/uploads\/2016\/10\/Taller-300x225.jpg 300w, https:\/\/www.ventanasconstrumap.com\/wp-content\/uploads\/2016\/10\/Taller-768x576.jpg 768w, https:\/\/www.ventanasconstrumap.com\/wp-content\/uploads\/2016\/10\/Taller-800x600.jpg 800w, https:\/\/www.ventanasconstrumap.com\/wp-content\/uploads\/2016\/10\/Taller-700x525.jpg 700w\" sizes=\"(max-width: 1024px) 100vw, 1024px\" title=\"\">\t\t\t\t\t\t\t\t\t\t\t\t\t\t\t<\/div>\n\t\t\t\t<\/div>\n\t\t\t\t<div class=\"elementor-element elementor-element-b55170b elementor-widget elementor-widget-text-editor\" data-id=\"b55170b\" data-element_type=\"widget\" data-e-type=\"widget\" data-widget_type=\"text-editor.default\">\n\t\t\t\t<div class=\"elementor-widget-container\">\n\t\t\t\t\t\t\t\t\t<div class=\"wpb_text_column wpb_content_element \"><div class=\"wpb_wrapper\"><ul><li>Realitzem f<strong>abricaci\u00f3n i muntatge d&#8217;estructures met\u00e0l\u00b7liques<\/strong> per a naus, habitatges, oficines i altres segons es requereixi.<\/li><li>Les nostres estructures tenen certificats de soldadura que garanteixen la <strong>seguretat i durabilitat<\/strong> del treball realitzat.<\/li><li>Els materials que emprem s\u00f3n ferro principalment, encara que en algunes ocasions per temes de corrosi\u00f3 utilitzem acer inoxidable.<\/li><\/ul><\/div><\/div><div class=\"vc_empty_space\">\u00a0<\/div><div class=\"wpb_text_column wpb_content_element \"><div class=\"wpb_wrapper\"><p>Les <strong>estructures met\u00e0l\u00b7liques<\/strong> compten amb infinitat d&#8217;avantatges respecte a altres projectes de construcci\u00f3 i amb les t\u00e8cniques de construcci\u00f3 m\u00e9s innovadores podem a la teva disposici\u00f3 una <strong>fabricaci\u00f3 d&#8217;estructures met\u00e0l\u00b7liques a Barcelona<\/strong> de la major qualitat i un acabat professional. Necessitis tancaments, finestres o <a title=\"Puertas aluminio Barcelona\" href=\"\/ca\/portes-alumini-barcelona\/\">portes d&#8217;alumini Barcelona<\/a>.<\/p><\/div><\/div>\t\t\t\t\t\t\t\t<\/div>\n\t\t\t\t<\/div>\n\t\t\t\t<div class=\"elementor-element elementor-element-94959ef elementor-align-center elementor-widget elementor-widget-button\" data-id=\"94959ef\" data-element_type=\"widget\" data-e-type=\"widget\" data-widget_type=\"button.default\">\n\t\t\t\t<div class=\"elementor-widget-container\">\n\t\t\t\t\t\t\t\t\t<div class=\"elementor-button-wrapper\">\n\t\t\t\t\t<a class=\"elementor-button elementor-button-link elementor-size-sm\" href=\"#form-landing\">\n\t\t\t\t\t\t<span class=\"elementor-button-content-wrapper\">\n\t\t\t\t\t\t\t\t\t<span class=\"elementor-button-text\"> Sol\u00b7licitar un Pressupost<\/span>\n\t\t\t\t\t<\/span>\n\t\t\t\t\t<\/a>\n\t\t\t\t<\/div>\n\t\t\t\t\t\t\t\t<\/div>\n\t\t\t\t<\/div>\n\t\t\t\t\t<\/div>\n\t\t<\/div>\n\t\t\t\t\t<\/div>\n\t\t<\/section>\n\t\t\t\t<section class=\"elementor-section elementor-top-section elementor-element elementor-element-416d31f elementor-section-stretched elementor-section-boxed elementor-section-height-default elementor-section-height-default\" data-id=\"416d31f\" data-element_type=\"section\" data-e-type=\"section\" id=\"form-landing\" data-settings=\"{&quot;stretch_section&quot;:&quot;section-stretched&quot;,&quot;background_background&quot;:&quot;classic&quot;}\">\n\t\t\t\t\t\t<div class=\"elementor-container elementor-column-gap-default\">\n\t\t\t\t\t<div class=\"elementor-column elementor-col-100 elementor-top-column elementor-element elementor-element-0dcc4ba\" data-id=\"0dcc4ba\" data-element_type=\"column\" data-e-type=\"column\" data-settings=\"{&quot;background_background&quot;:&quot;classic&quot;}\">\n\t\t\t<div class=\"elementor-widget-wrap elementor-element-populated\">\n\t\t\t\t\t\t<div class=\"elementor-element elementor-element-a390831 elementor-widget elementor-widget-heading\" data-id=\"a390831\" data-element_type=\"widget\" data-e-type=\"widget\" data-widget_type=\"heading.default\">\n\t\t\t\t<div class=\"elementor-widget-container\">\n\t\t\t\t\t<h2 class=\"elementor-heading-title elementor-size-default\"><span style=\"color:#A8241F\">SOL\u00b7LICITA PRESSUPOST<\/span> GRATU\u00cfTAMENT<\/h2>\t\t\t\t<\/div>\n\t\t\t\t<\/div>\n\t\t\t\t<section class=\"elementor-section elementor-inner-section elementor-element elementor-element-1b1d336 elementor-section-boxed elementor-section-height-default elementor-section-height-default\" data-id=\"1b1d336\" data-element_type=\"section\" data-e-type=\"section\">\n\t\t\t\t\t\t<div class=\"elementor-container elementor-column-gap-default\">\n\t\t\t\t\t<div class=\"elementor-column elementor-col-50 elementor-inner-column elementor-element elementor-element-c357f6f\" data-id=\"c357f6f\" data-element_type=\"column\" data-e-type=\"column\">\n\t\t\t<div class=\"elementor-widget-wrap elementor-element-populated\">\n\t\t\t\t\t\t<div class=\"elementor-element elementor-element-694a436 elementor-widget elementor-widget-image\" data-id=\"694a436\" data-element_type=\"widget\" data-e-type=\"widget\" data-widget_type=\"image.default\">\n\t\t\t\t<div class=\"elementor-widget-container\">\n\t\t\t\t\t\t\t\t\t\t\t\t\t\t\t<img decoding=\"async\" src=\"https:\/\/www.ventanasconstrumap.com\/wp-content\/uploads\/elementor\/thumbs\/Elipse_2@2x-rinks676xeirmjild2roqzfk7o233m49ikn2acnwbg.png\" title=\"Elipse_2@2x\" alt=\"ventanas construmap logo\" loading=\"lazy\" \/>\t\t\t\t\t\t\t\t\t\t\t\t\t\t\t<\/div>\n\t\t\t\t<\/div>\n\t\t\t\t<div class=\"elementor-element elementor-element-ebc8f88 elementor-icon-list--layout-traditional elementor-list-item-link-full_width elementor-widget elementor-widget-icon-list\" data-id=\"ebc8f88\" data-element_type=\"widget\" data-e-type=\"widget\" data-widget_type=\"icon-list.default\">\n\t\t\t\t<div class=\"elementor-widget-container\">\n\t\t\t\t\t\t\t<ul class=\"elementor-icon-list-items\">\n\t\t\t\t\t\t\t<li class=\"elementor-icon-list-item\">\n\t\t\t\t\t\t\t\t\t\t\t<span class=\"elementor-icon-list-icon\">\n\t\t\t\t\t\t\t<i aria-hidden=\"true\" class=\"fas fa-map-marker-alt\"><\/i>\t\t\t\t\t\t<\/span>\n\t\t\t\t\t\t\t\t\t\t<span class=\"elementor-icon-list-text\">C\/ Ramon y Cajal, 157 08222 Terrassa (Barcelona)<\/span>\n\t\t\t\t\t\t\t\t\t<\/li>\n\t\t\t\t\t\t\t\t<li class=\"elementor-icon-list-item\">\n\t\t\t\t\t\t\t\t\t\t\t<a href=\"tel:+34937858785\">\n\n\t\t\t\t\t\t\t\t\t\t\t\t<span class=\"elementor-icon-list-icon\">\n\t\t\t\t\t\t\t<i aria-hidden=\"true\" class=\"fas fa-phone-alt\"><\/i>\t\t\t\t\t\t<\/span>\n\t\t\t\t\t\t\t\t\t\t<span class=\"elementor-icon-list-text\">+34 937 858 785<\/span>\n\t\t\t\t\t\t\t\t\t\t\t<\/a>\n\t\t\t\t\t\t\t\t\t<\/li>\n\t\t\t\t\t\t\t\t<li class=\"elementor-icon-list-item\">\n\t\t\t\t\t\t\t\t\t\t\t<a href=\"mailto:info.construmap@gmail.com\">\n\n\t\t\t\t\t\t\t\t\t\t\t\t<span class=\"elementor-icon-list-icon\">\n\t\t\t\t\t\t\t<i aria-hidden=\"true\" class=\"fas fa-envelope\"><\/i>\t\t\t\t\t\t<\/span>\n\t\t\t\t\t\t\t\t\t\t<span class=\"elementor-icon-list-text\">info.construmap@gmail.com<\/span>\n\t\t\t\t\t\t\t\t\t\t\t<\/a>\n\t\t\t\t\t\t\t\t\t<\/li>\n\t\t\t\t\t\t<\/ul>\n\t\t\t\t\t\t<\/div>\n\t\t\t\t<\/div>\n\t\t\t\t\t<\/div>\n\t\t<\/div>\n\t\t\t\t<div class=\"elementor-column elementor-col-50 elementor-inner-column elementor-element elementor-element-773db1e\" data-id=\"773db1e\" data-element_type=\"column\" data-e-type=\"column\">\n\t\t\t<div class=\"elementor-widget-wrap\">\n\t\t\t\t\t\t\t<\/div>\n\t\t<\/div>\n\t\t\t\t\t<\/div>\n\t\t<\/section>\n\t\t\t\t\t<\/div>\n\t\t<\/div>\n\t\t\t\t\t<\/div>\n\t\t<\/section>\n\t\t\t\t<\/div>\n\t\t","protected":false},"excerpt":{"rendered":"<p>ESTRUCTURES MET\u00c0L\u00b7LIQUES Sol\u00b7licitar un Pressupost Des de Metal\u00b7listeria Construmap podem fabricar estructures met\u00e0l\u00b7liques a Barcelona. Estructures met\u00e0l\u00b7liques de coberta i estructures met\u00e0l\u00b7liques de forjats amb un pes lleuger per al seu projecte o obra a realitzar. Confia en els nostres professionals per al c\u00e0lcul, fabricaci\u00f3&#8230;<\/p>\n","protected":false},"author":1,"featured_media":0,"parent":0,"menu_order":0,"comment_status":"closed","ping_status":"closed","template":"elementor_header_footer","meta":{"footnotes":""},"class_list":["post-18932","page","type-page","status-publish","hentry"],"yoast_head":"<!-- This site is optimized with the Yoast SEO plugin v27.2 - https:\/\/yoast.com\/product\/yoast-seo-wordpress\/ -->\n<title>Fabricaci\u00f3n estructuras met\u00e1licas Barcelona - Metalister\u00eda Costrumap<\/title>\n<meta name=\"description\" content=\"Fabricamos estructuras met\u00e1licas en Barcelona para viviendas, oficinas y naves. Fabricaci\u00f3n y montaje de estructuras con certificados de soldadura. \u00a1Entra!\" \/>\n<meta name=\"robots\" content=\"index, follow, max-snippet:-1, max-image-preview:large, max-video-preview:-1\" \/>\n<link rel=\"canonical\" href=\"https:\/\/www.ventanasconstrumap.com\/estructuras-metalicas\/\" \/>\n<meta property=\"og:locale\" content=\"ca_ES\" \/>\n<meta property=\"og:type\" content=\"article\" \/>\n<meta property=\"og:title\" content=\"Fabricaci\u00f3n estructuras met\u00e1licas Barcelona - Metalister\u00eda Costrumap\" \/>\n<meta property=\"og:description\" content=\"Fabricamos estructuras met\u00e1licas en Barcelona para viviendas, oficinas y naves. Fabricaci\u00f3n y montaje de estructuras con certificados de soldadura. \u00a1Entra!\" \/>\n<meta property=\"og:url\" content=\"https:\/\/www.ventanasconstrumap.com\/estructuras-metalicas\/\" \/>\n<meta property=\"og:site_name\" content=\"Metalister\u00eda Construmap\" \/>\n<meta property=\"article:modified_time\" content=\"2024-07-04T09:12:15+00:00\" \/>\n<meta property=\"og:image\" content=\"https:\/\/www.ventanasconstrumap.com\/wp-content\/uploads\/2019\/05\/estructuras-metalicas-barcelona.png\" \/>\n\t<meta property=\"og:image:width\" content=\"2592\" \/>\n\t<meta property=\"og:image:height\" content=\"1944\" \/>\n\t<meta property=\"og:image:type\" content=\"image\/png\" \/>\n<meta name=\"twitter:card\" content=\"summary_large_image\" \/>\n<meta name=\"twitter:label1\" content=\"Temps estimat de lectura\" \/>\n\t<meta name=\"twitter:data1\" content=\"1 minut\" \/>\n<script type=\"application\/ld+json\" class=\"yoast-schema-graph\">{\"@context\":\"https:\/\/schema.org\",\"@graph\":[{\"@type\":\"WebPage\",\"@id\":\"https:\/\/www.ventanasconstrumap.com\/estructuras-metalicas\/\",\"url\":\"https:\/\/www.ventanasconstrumap.com\/estructuras-metalicas\/\",\"name\":\"Fabricaci\u00f3n estructuras met\u00e1licas Barcelona - Metalister\u00eda Costrumap\",\"isPartOf\":{\"@id\":\"https:\/\/www.ventanasconstrumap.com\/#website\"},\"primaryImageOfPage\":{\"@id\":\"https:\/\/www.ventanasconstrumap.com\/estructuras-metalicas\/#primaryimage\"},\"image\":{\"@id\":\"https:\/\/www.ventanasconstrumap.com\/estructuras-metalicas\/#primaryimage\"},\"thumbnailUrl\":\"https:\/\/www.ventanasconstrumap.com\/wp-content\/uploads\/2019\/05\/estructuras-metalicas-barcelona-1024x768.png\",\"datePublished\":\"2019-05-24T08:22:47+00:00\",\"dateModified\":\"2024-07-04T09:12:15+00:00\",\"description\":\"Fabricamos estructuras met\u00e1licas en Barcelona para viviendas, oficinas y naves. Fabricaci\u00f3n y montaje de estructuras con certificados de soldadura. \u00a1Entra!\",\"breadcrumb\":{\"@id\":\"https:\/\/www.ventanasconstrumap.com\/estructuras-metalicas\/#breadcrumb\"},\"inLanguage\":\"ca\",\"potentialAction\":[{\"@type\":\"ReadAction\",\"target\":[\"https:\/\/www.ventanasconstrumap.com\/estructuras-metalicas\/\"]}]},{\"@type\":\"ImageObject\",\"inLanguage\":\"ca\",\"@id\":\"https:\/\/www.ventanasconstrumap.com\/estructuras-metalicas\/#primaryimage\",\"url\":\"https:\/\/www.ventanasconstrumap.com\/wp-content\/uploads\/2019\/05\/estructuras-metalicas-barcelona-1024x768.png\",\"contentUrl\":\"https:\/\/www.ventanasconstrumap.com\/wp-content\/uploads\/2019\/05\/estructuras-metalicas-barcelona-1024x768.png\"},{\"@type\":\"BreadcrumbList\",\"@id\":\"https:\/\/www.ventanasconstrumap.com\/estructuras-metalicas\/#breadcrumb\",\"itemListElement\":[{\"@type\":\"ListItem\",\"position\":1,\"name\":\"Inici\",\"item\":\"https:\/\/www.ventanasconstrumap.com\/ca\/\"},{\"@type\":\"ListItem\",\"position\":2,\"name\":\"Estructures met\u00e0l\u00b7liques\"}]},{\"@type\":\"WebSite\",\"@id\":\"https:\/\/www.ventanasconstrumap.com\/#website\",\"url\":\"https:\/\/www.ventanasconstrumap.com\/\",\"name\":\"Metalister\u00eda Construmap\",\"description\":\"\",\"potentialAction\":[{\"@type\":\"SearchAction\",\"target\":{\"@type\":\"EntryPoint\",\"urlTemplate\":\"https:\/\/www.ventanasconstrumap.com\/?s={search_term_string}\"},\"query-input\":{\"@type\":\"PropertyValueSpecification\",\"valueRequired\":true,\"valueName\":\"search_term_string\"}}],\"inLanguage\":\"ca\"}]}<\/script>\n<!-- \/ Yoast SEO plugin. -->","yoast_head_json":{"title":"Fabricaci\u00f3n estructuras met\u00e1licas Barcelona - Metalister\u00eda Costrumap","description":"Fabricamos estructuras met\u00e1licas en Barcelona para viviendas, oficinas y naves. Fabricaci\u00f3n y montaje de estructuras con certificados de soldadura. \u00a1Entra!","robots":{"index":"index","follow":"follow","max-snippet":"max-snippet:-1","max-image-preview":"max-image-preview:large","max-video-preview":"max-video-preview:-1"},"canonical":"https:\/\/www.ventanasconstrumap.com\/estructuras-metalicas\/","og_locale":"ca_ES","og_type":"article","og_title":"Fabricaci\u00f3n estructuras met\u00e1licas Barcelona - Metalister\u00eda Costrumap","og_description":"Fabricamos estructuras met\u00e1licas en Barcelona para viviendas, oficinas y naves. Fabricaci\u00f3n y montaje de estructuras con certificados de soldadura. \u00a1Entra!","og_url":"https:\/\/www.ventanasconstrumap.com\/estructuras-metalicas\/","og_site_name":"Metalister\u00eda Construmap","article_modified_time":"2024-07-04T09:12:15+00:00","og_image":[{"width":2592,"height":1944,"url":"https:\/\/www.ventanasconstrumap.com\/wp-content\/uploads\/2019\/05\/estructuras-metalicas-barcelona.png","type":"image\/png"}],"twitter_card":"summary_large_image","twitter_misc":{"Temps estimat de lectura":"1 minut"},"schema":{"@context":"https:\/\/schema.org","@graph":[{"@type":"WebPage","@id":"https:\/\/www.ventanasconstrumap.com\/estructuras-metalicas\/","url":"https:\/\/www.ventanasconstrumap.com\/estructuras-metalicas\/","name":"Fabricaci\u00f3n estructuras met\u00e1licas Barcelona - Metalister\u00eda Costrumap","isPartOf":{"@id":"https:\/\/www.ventanasconstrumap.com\/#website"},"primaryImageOfPage":{"@id":"https:\/\/www.ventanasconstrumap.com\/estructuras-metalicas\/#primaryimage"},"image":{"@id":"https:\/\/www.ventanasconstrumap.com\/estructuras-metalicas\/#primaryimage"},"thumbnailUrl":"https:\/\/www.ventanasconstrumap.com\/wp-content\/uploads\/2019\/05\/estructuras-metalicas-barcelona-1024x768.png","datePublished":"2019-05-24T08:22:47+00:00","dateModified":"2024-07-04T09:12:15+00:00","description":"Fabricamos estructuras met\u00e1licas en Barcelona para viviendas, oficinas y naves. Fabricaci\u00f3n y montaje de estructuras con certificados de soldadura. \u00a1Entra!","breadcrumb":{"@id":"https:\/\/www.ventanasconstrumap.com\/estructuras-metalicas\/#breadcrumb"},"inLanguage":"ca","potentialAction":[{"@type":"ReadAction","target":["https:\/\/www.ventanasconstrumap.com\/estructuras-metalicas\/"]}]},{"@type":"ImageObject","inLanguage":"ca","@id":"https:\/\/www.ventanasconstrumap.com\/estructuras-metalicas\/#primaryimage","url":"https:\/\/www.ventanasconstrumap.com\/wp-content\/uploads\/2019\/05\/estructuras-metalicas-barcelona-1024x768.png","contentUrl":"https:\/\/www.ventanasconstrumap.com\/wp-content\/uploads\/2019\/05\/estructuras-metalicas-barcelona-1024x768.png"},{"@type":"BreadcrumbList","@id":"https:\/\/www.ventanasconstrumap.com\/estructuras-metalicas\/#breadcrumb","itemListElement":[{"@type":"ListItem","position":1,"name":"Inici","item":"https:\/\/www.ventanasconstrumap.com\/ca\/"},{"@type":"ListItem","position":2,"name":"Estructures met\u00e0l\u00b7liques"}]},{"@type":"WebSite","@id":"https:\/\/www.ventanasconstrumap.com\/#website","url":"https:\/\/www.ventanasconstrumap.com\/","name":"Metalister\u00eda Construmap","description":"","potentialAction":[{"@type":"SearchAction","target":{"@type":"EntryPoint","urlTemplate":"https:\/\/www.ventanasconstrumap.com\/?s={search_term_string}"},"query-input":{"@type":"PropertyValueSpecification","valueRequired":true,"valueName":"search_term_string"}}],"inLanguage":"ca"}]}},"_links":{"self":[{"href":"https:\/\/www.ventanasconstrumap.com\/ca\/wp-json\/wp\/v2\/pages\/18932","targetHints":{"allow":["GET"]}}],"collection":[{"href":"https:\/\/www.ventanasconstrumap.com\/ca\/wp-json\/wp\/v2\/pages"}],"about":[{"href":"https:\/\/www.ventanasconstrumap.com\/ca\/wp-json\/wp\/v2\/types\/page"}],"author":[{"embeddable":true,"href":"https:\/\/www.ventanasconstrumap.com\/ca\/wp-json\/wp\/v2\/users\/1"}],"replies":[{"embeddable":true,"href":"https:\/\/www.ventanasconstrumap.com\/ca\/wp-json\/wp\/v2\/comments?post=18932"}],"version-history":[{"count":16,"href":"https:\/\/www.ventanasconstrumap.com\/ca\/wp-json\/wp\/v2\/pages\/18932\/revisions"}],"predecessor-version":[{"id":19972,"href":"https:\/\/www.ventanasconstrumap.com\/ca\/wp-json\/wp\/v2\/pages\/18932\/revisions\/19972"}],"wp:attachment":[{"href":"https:\/\/www.ventanasconstrumap.com\/ca\/wp-json\/wp\/v2\/media?parent=18932"}],"curies":[{"name":"wp","href":"https:\/\/api.w.org\/{rel}","templated":true}]}}