{"id":18972,"date":"2019-05-24T12:33:33","date_gmt":"2019-05-24T10:33:33","guid":{"rendered":"https:\/\/www.ventanasconstrumap.com\/automatismos\/"},"modified":"2024-07-04T11:15:52","modified_gmt":"2024-07-04T09:15:52","slug":"automatismes","status":"publish","type":"page","link":"https:\/\/www.ventanasconstrumap.com\/ca\/automatismes\/","title":{"rendered":"Automatismes"},"content":{"rendered":"\t\t<div data-elementor-type=\"wp-page\" data-elementor-id=\"18972\" class=\"elementor elementor-18972\" data-elementor-post-type=\"page\">\n\t\t\t\t\t\t<section class=\"elementor-section elementor-top-section elementor-element elementor-element-87e9fd8 elementor-section-content-middle elementor-section-boxed elementor-section-height-default elementor-section-height-default\" data-id=\"87e9fd8\" data-element_type=\"section\" data-e-type=\"section\" data-settings=\"{&quot;background_background&quot;:&quot;classic&quot;}\">\n\t\t\t\t\t\t\t<div class=\"elementor-background-overlay\"><\/div>\n\t\t\t\t\t\t\t<div class=\"elementor-container elementor-column-gap-no\">\n\t\t\t\t\t<div class=\"elementor-column elementor-col-50 elementor-top-column elementor-element elementor-element-2a911b4\" data-id=\"2a911b4\" data-element_type=\"column\" data-e-type=\"column\">\n\t\t\t<div class=\"elementor-widget-wrap elementor-element-populated\">\n\t\t\t\t\t\t<div class=\"elementor-element elementor-element-00e4295 elementor-widget elementor-widget-heading\" data-id=\"00e4295\" data-element_type=\"widget\" data-e-type=\"widget\" data-widget_type=\"heading.default\">\n\t\t\t\t<div class=\"elementor-widget-container\">\n\t\t\t\t\t<h1 class=\"elementor-heading-title elementor-size-default\">Automatismes<\/h1>\t\t\t\t<\/div>\n\t\t\t\t<\/div>\n\t\t\t\t<div class=\"elementor-element elementor-element-63c2009 elementor-align-left elementor-widget elementor-widget-button\" data-id=\"63c2009\" data-element_type=\"widget\" data-e-type=\"widget\" data-widget_type=\"button.default\">\n\t\t\t\t<div class=\"elementor-widget-container\">\n\t\t\t\t\t\t\t\t\t<div class=\"elementor-button-wrapper\">\n\t\t\t\t\t<a class=\"elementor-button elementor-button-link elementor-size-sm\" href=\"#form-landing\">\n\t\t\t\t\t\t<span class=\"elementor-button-content-wrapper\">\n\t\t\t\t\t\t<span class=\"elementor-button-icon\">\n\t\t\t\t<i aria-hidden=\"true\" class=\"fas fa-arrow-right\"><\/i>\t\t\t<\/span>\n\t\t\t\t\t\t\t\t\t<span class=\"elementor-button-text\">Sol\u00b7licitar un Pressupost<\/span>\n\t\t\t\t\t<\/span>\n\t\t\t\t\t<\/a>\n\t\t\t\t<\/div>\n\t\t\t\t\t\t\t\t<\/div>\n\t\t\t\t<\/div>\n\t\t\t\t\t<\/div>\n\t\t<\/div>\n\t\t\t\t<div class=\"elementor-column elementor-col-50 elementor-top-column elementor-element elementor-element-75fcf62 elementor-hidden-tablet elementor-hidden-phone\" data-id=\"75fcf62\" data-element_type=\"column\" data-e-type=\"column\">\n\t\t\t<div class=\"elementor-widget-wrap\">\n\t\t\t\t\t\t\t<\/div>\n\t\t<\/div>\n\t\t\t\t\t<\/div>\n\t\t<\/section>\n\t\t\t\t<section class=\"elementor-section elementor-top-section elementor-element elementor-element-57c5aef elementor-section-boxed elementor-section-height-default elementor-section-height-default\" data-id=\"57c5aef\" data-element_type=\"section\" data-e-type=\"section\">\n\t\t\t\t\t\t<div class=\"elementor-container elementor-column-gap-default\">\n\t\t\t\t\t<div class=\"elementor-column elementor-col-100 elementor-top-column elementor-element elementor-element-f8e0f2b\" data-id=\"f8e0f2b\" data-element_type=\"column\" data-e-type=\"column\">\n\t\t\t<div class=\"elementor-widget-wrap elementor-element-populated\">\n\t\t\t\t\t\t<div class=\"elementor-element elementor-element-aa631e0 elementor-hidden-desktop elementor-hidden-tablet elementor-widget elementor-widget-image\" data-id=\"aa631e0\" data-element_type=\"widget\" data-e-type=\"widget\" data-widget_type=\"image.default\">\n\t\t\t\t<div class=\"elementor-widget-container\">\n\t\t\t\t\t\t\t\t\t\t\t\t\t\t\t<img fetchpriority=\"high\" decoding=\"async\" width=\"1024\" height=\"768\" src=\"https:\/\/www.ventanasconstrumap.com\/wp-content\/uploads\/2016\/10\/DSC01435-1024x768.jpg\" class=\"attachment-large size-large wp-image-15512\" alt=\"dsc01435\" srcset=\"https:\/\/www.ventanasconstrumap.com\/wp-content\/uploads\/2016\/10\/DSC01435-1024x768.jpg 1024w, https:\/\/www.ventanasconstrumap.com\/wp-content\/uploads\/2016\/10\/DSC01435-300x225.jpg 300w, https:\/\/www.ventanasconstrumap.com\/wp-content\/uploads\/2016\/10\/DSC01435-768x576.jpg 768w, https:\/\/www.ventanasconstrumap.com\/wp-content\/uploads\/2016\/10\/DSC01435-800x600.jpg 800w, https:\/\/www.ventanasconstrumap.com\/wp-content\/uploads\/2016\/10\/DSC01435-700x525.jpg 700w\" sizes=\"(max-width: 1024px) 100vw, 1024px\" title=\"\">\t\t\t\t\t\t\t\t\t\t\t\t\t\t\t<\/div>\n\t\t\t\t<\/div>\n\t\t\t\t\t<\/div>\n\t\t<\/div>\n\t\t\t\t\t<\/div>\n\t\t<\/section>\n\t\t\t\t<section class=\"elementor-section elementor-top-section elementor-element elementor-element-78a87c1 elementor-section-boxed elementor-section-height-default elementor-section-height-default\" data-id=\"78a87c1\" data-element_type=\"section\" data-e-type=\"section\">\n\t\t\t\t\t\t<div class=\"elementor-container elementor-column-gap-default\">\n\t\t\t\t\t<div class=\"elementor-column elementor-col-50 elementor-top-column elementor-element elementor-element-37dccb2\" data-id=\"37dccb2\" data-element_type=\"column\" data-e-type=\"column\">\n\t\t\t<div class=\"elementor-widget-wrap elementor-element-populated\">\n\t\t\t\t\t\t<div class=\"elementor-element elementor-element-1712d6b elementor-widget elementor-widget-text-editor\" data-id=\"1712d6b\" data-element_type=\"widget\" data-e-type=\"widget\" data-widget_type=\"text-editor.default\">\n\t\t\t\t<div class=\"elementor-widget-container\">\n\t\t\t\t\t\t\t\t\t<p>Des de <strong>Metal\u00b7listeria Construmap<\/strong> podem instal\u00b7lar <strong>automatismes a Barcelona<\/strong> amb un servei integral per a <strong>muntar la teva porta autom\u00e0tica<\/strong>. Pots sol\u00b7licitar el muntatge del teu automatisme per a tota mena de portes, tanques, reixes\u2026 per a automatitzar l&#8217;obertura i tancament de manera remota. Confia en un equip professional amb anys d&#8217;experi\u00e8ncia per a <strong>muntar el teu automatisme<\/strong> amb un cat\u00e0leg de models diferents que s&#8217;adapten a les necessitats de cada client en la nostra <a title=\"Carpinter\u00eda de aluminio Barcelona\" href=\"\/carpinteria-aluminio-barcelona\/\">fusteria d&#8217;alumini Barcelona<\/a>.<\/p><p>Tenim una gran quantitat de marques per a <strong>instal\u00b7lar el teu motor automatitzat<\/strong> per a portes de garatge, portes d&#8217;entrada o tanques d&#8217;acer que permetran el seu <strong>tancament i obertura autom\u00e0tics<\/strong>. Metal\u00b7listeria Construmap \u00e9s una empresa especialitzada a Terrassa per a la fabricaci\u00f3 i <strong>muntatge d&#8217;automatismes de portes<\/strong>. Oferim a cada projecte que realitzem una atenci\u00f3 personalitzada per a solucionar les possibles avaries que puguin sorgir a causa del seu \u00fas, aix\u00ed que confia en els nostres professionals per a un <strong>manteniment d&#8217;automatismes a Barcelona<\/strong> de la millor qualitat.<\/p>\t\t\t\t\t\t\t\t<\/div>\n\t\t\t\t<\/div>\n\t\t\t\t<div class=\"elementor-element elementor-element-05746c4 elementor-align-center elementor-widget elementor-widget-button\" data-id=\"05746c4\" data-element_type=\"widget\" data-e-type=\"widget\" data-widget_type=\"button.default\">\n\t\t\t\t<div class=\"elementor-widget-container\">\n\t\t\t\t\t\t\t\t\t<div class=\"elementor-button-wrapper\">\n\t\t\t\t\t<a class=\"elementor-button elementor-button-link elementor-size-sm\" href=\"#form-landing\">\n\t\t\t\t\t\t<span class=\"elementor-button-content-wrapper\">\n\t\t\t\t\t\t\t\t\t<span class=\"elementor-button-text\">Sol\u00b7licitar un Pressupost<\/span>\n\t\t\t\t\t<\/span>\n\t\t\t\t\t<\/a>\n\t\t\t\t<\/div>\n\t\t\t\t\t\t\t\t<\/div>\n\t\t\t\t<\/div>\n\t\t\t\t\t<\/div>\n\t\t<\/div>\n\t\t\t\t<div class=\"elementor-column elementor-col-50 elementor-top-column elementor-element elementor-element-bd687da elementor-hidden-phone\" data-id=\"bd687da\" data-element_type=\"column\" data-e-type=\"column\" data-settings=\"{&quot;background_background&quot;:&quot;classic&quot;}\">\n\t\t\t<div class=\"elementor-widget-wrap\">\n\t\t\t\t\t\t\t<\/div>\n\t\t<\/div>\n\t\t\t\t\t<\/div>\n\t\t<\/section>\n\t\t\t\t<section class=\"elementor-section elementor-top-section elementor-element elementor-element-18925ee elementor-section-boxed elementor-section-height-default elementor-section-height-default\" data-id=\"18925ee\" data-element_type=\"section\" data-e-type=\"section\">\n\t\t\t\t\t\t<div class=\"elementor-container elementor-column-gap-default\">\n\t\t\t\t\t<div class=\"elementor-column elementor-col-50 elementor-top-column elementor-element elementor-element-ec1a5c4 elementor-hidden-phone\" data-id=\"ec1a5c4\" data-element_type=\"column\" data-e-type=\"column\" data-settings=\"{&quot;background_background&quot;:&quot;classic&quot;}\">\n\t\t\t<div class=\"elementor-widget-wrap\">\n\t\t\t\t\t\t\t<\/div>\n\t\t<\/div>\n\t\t\t\t<div class=\"elementor-column elementor-col-50 elementor-top-column elementor-element elementor-element-721db70\" data-id=\"721db70\" data-element_type=\"column\" data-e-type=\"column\">\n\t\t\t<div class=\"elementor-widget-wrap elementor-element-populated\">\n\t\t\t\t\t\t<div class=\"elementor-element elementor-element-02b2b13 elementor-hidden-desktop elementor-hidden-tablet elementor-widget elementor-widget-image\" data-id=\"02b2b13\" data-element_type=\"widget\" data-e-type=\"widget\" data-widget_type=\"image.default\">\n\t\t\t\t<div class=\"elementor-widget-container\">\n\t\t\t\t\t\t\t\t\t\t\t\t\t\t\t<img decoding=\"async\" width=\"1024\" height=\"768\" src=\"https:\/\/www.ventanasconstrumap.com\/wp-content\/uploads\/2016\/10\/DSC01465-1-1024x768.jpg\" class=\"attachment-large size-large wp-image-15579\" alt=\"Fachada acristalada\" srcset=\"https:\/\/www.ventanasconstrumap.com\/wp-content\/uploads\/2016\/10\/DSC01465-1-1024x768.jpg 1024w, https:\/\/www.ventanasconstrumap.com\/wp-content\/uploads\/2016\/10\/DSC01465-1-300x225.jpg 300w, https:\/\/www.ventanasconstrumap.com\/wp-content\/uploads\/2016\/10\/DSC01465-1-768x576.jpg 768w, https:\/\/www.ventanasconstrumap.com\/wp-content\/uploads\/2016\/10\/DSC01465-1-800x600.jpg 800w, https:\/\/www.ventanasconstrumap.com\/wp-content\/uploads\/2016\/10\/DSC01465-1-700x525.jpg 700w\" sizes=\"(max-width: 1024px) 100vw, 1024px\" title=\"\">\t\t\t\t\t\t\t\t\t\t\t\t\t\t\t<\/div>\n\t\t\t\t<\/div>\n\t\t\t\t<div class=\"elementor-element elementor-element-6066aa2 elementor-widget elementor-widget-text-editor\" data-id=\"6066aa2\" data-element_type=\"widget\" data-e-type=\"widget\" data-widget_type=\"text-editor.default\">\n\t\t\t\t<div class=\"elementor-widget-container\">\n\t\t\t\t\t\t\t\t\t<div class=\"wpb_text_column wpb_content_element \"><div class=\"wpb_wrapper\"><ul><li>Realitzem tota classe d&#8217;instal\u00b7lacions <strong> motoritzades per a portes batents<\/strong>, portes basculants, portes corredisses, portes enrotllables, portes seccionales i altres segons es requereixi.<\/li><li>Igual que les motoritzacions tamb\u00e9 <strong>fabriquem i muntem les portes<\/strong> o elements que volem automatitzar.<\/li><li>Els automatismes s\u00f3n una manera de donar una comoditat i facilitar la labor o activitat di\u00e0ria.<\/li><\/ul><\/div><\/div><div class=\"vc_empty_space\">\u00a0<\/div><div class=\"wpb_text_column wpb_content_element \"><div class=\"wpb_wrapper\"><p>\u00c9s important tenir en compte la <strong>qualitat de l&#8217;automatisme<\/strong> per a la seva instal\u00b7laci\u00f3, per aix\u00f2 sempre confiem en els millors prove\u00efdors de qualitat per a oferir un producte que s&#8217;adapta a les exig\u00e8ncies del mercat. <strong>Fabriquem i muntem les portes monitorades<\/strong> en el nostre servei integral per a <a title=\"Estructuras met\u00e1licas Barcelona\" href=\"https:\/\/www.ventanasconstrumap.com\/portfolio_page\/estructuras\/\">estructures met\u00e0l\u00b7liques Barcelona<\/a>.<\/p><\/div><\/div>\t\t\t\t\t\t\t\t<\/div>\n\t\t\t\t<\/div>\n\t\t\t\t<div class=\"elementor-element elementor-element-3ead24b elementor-align-center elementor-widget elementor-widget-button\" data-id=\"3ead24b\" data-element_type=\"widget\" data-e-type=\"widget\" data-widget_type=\"button.default\">\n\t\t\t\t<div class=\"elementor-widget-container\">\n\t\t\t\t\t\t\t\t\t<div class=\"elementor-button-wrapper\">\n\t\t\t\t\t<a class=\"elementor-button elementor-button-link elementor-size-sm\" href=\"#form-landing\">\n\t\t\t\t\t\t<span class=\"elementor-button-content-wrapper\">\n\t\t\t\t\t\t\t\t\t<span class=\"elementor-button-text\">Sol\u00b7licitar un Pressupost<\/span>\n\t\t\t\t\t<\/span>\n\t\t\t\t\t<\/a>\n\t\t\t\t<\/div>\n\t\t\t\t\t\t\t\t<\/div>\n\t\t\t\t<\/div>\n\t\t\t\t\t<\/div>\n\t\t<\/div>\n\t\t\t\t\t<\/div>\n\t\t<\/section>\n\t\t\t\t<section class=\"elementor-section elementor-top-section elementor-element elementor-element-5174f55 elementor-section-stretched elementor-section-boxed elementor-section-height-default elementor-section-height-default\" data-id=\"5174f55\" data-element_type=\"section\" data-e-type=\"section\" id=\"form-landing\" data-settings=\"{&quot;stretch_section&quot;:&quot;section-stretched&quot;,&quot;background_background&quot;:&quot;classic&quot;}\">\n\t\t\t\t\t\t<div class=\"elementor-container elementor-column-gap-default\">\n\t\t\t\t\t<div class=\"elementor-column elementor-col-100 elementor-top-column elementor-element elementor-element-3d10415\" data-id=\"3d10415\" data-element_type=\"column\" data-e-type=\"column\" data-settings=\"{&quot;background_background&quot;:&quot;classic&quot;}\">\n\t\t\t<div class=\"elementor-widget-wrap elementor-element-populated\">\n\t\t\t\t\t\t<div class=\"elementor-element elementor-element-388216a elementor-widget elementor-widget-heading\" data-id=\"388216a\" data-element_type=\"widget\" data-e-type=\"widget\" data-widget_type=\"heading.default\">\n\t\t\t\t<div class=\"elementor-widget-container\">\n\t\t\t\t\t<h2 class=\"elementor-heading-title elementor-size-default\"><span style=\"color:#A8241F\">SOL\u00b7LICITA PRESSUPOST<\/span> GRATU\u00cfTAMENT<\/h2>\t\t\t\t<\/div>\n\t\t\t\t<\/div>\n\t\t\t\t<section class=\"elementor-section elementor-inner-section elementor-element elementor-element-8321a38 elementor-section-boxed elementor-section-height-default elementor-section-height-default\" data-id=\"8321a38\" data-element_type=\"section\" data-e-type=\"section\">\n\t\t\t\t\t\t<div class=\"elementor-container elementor-column-gap-default\">\n\t\t\t\t\t<div class=\"elementor-column elementor-col-50 elementor-inner-column elementor-element elementor-element-02ed844\" data-id=\"02ed844\" data-element_type=\"column\" data-e-type=\"column\">\n\t\t\t<div class=\"elementor-widget-wrap elementor-element-populated\">\n\t\t\t\t\t\t<div class=\"elementor-element elementor-element-9573e82 elementor-widget elementor-widget-image\" data-id=\"9573e82\" data-element_type=\"widget\" data-e-type=\"widget\" data-widget_type=\"image.default\">\n\t\t\t\t<div class=\"elementor-widget-container\">\n\t\t\t\t\t\t\t\t\t\t\t\t\t\t\t<img decoding=\"async\" src=\"https:\/\/www.ventanasconstrumap.com\/wp-content\/uploads\/elementor\/thumbs\/Elipse_2@2x-rinks676xeirmjild2roqzfk7o233m49ikn2acnwbg.png\" title=\"Elipse_2@2x\" alt=\"ventanas construmap logo\" loading=\"lazy\" \/>\t\t\t\t\t\t\t\t\t\t\t\t\t\t\t<\/div>\n\t\t\t\t<\/div>\n\t\t\t\t<div class=\"elementor-element elementor-element-5482bf8 elementor-icon-list--layout-traditional elementor-list-item-link-full_width elementor-widget elementor-widget-icon-list\" data-id=\"5482bf8\" data-element_type=\"widget\" data-e-type=\"widget\" data-widget_type=\"icon-list.default\">\n\t\t\t\t<div class=\"elementor-widget-container\">\n\t\t\t\t\t\t\t<ul class=\"elementor-icon-list-items\">\n\t\t\t\t\t\t\t<li class=\"elementor-icon-list-item\">\n\t\t\t\t\t\t\t\t\t\t\t<span class=\"elementor-icon-list-icon\">\n\t\t\t\t\t\t\t<i aria-hidden=\"true\" class=\"fas fa-map-marker-alt\"><\/i>\t\t\t\t\t\t<\/span>\n\t\t\t\t\t\t\t\t\t\t<span class=\"elementor-icon-list-text\">C\/ Ramon y Cajal, 157 08222 Terrassa (Barcelona)<\/span>\n\t\t\t\t\t\t\t\t\t<\/li>\n\t\t\t\t\t\t\t\t<li class=\"elementor-icon-list-item\">\n\t\t\t\t\t\t\t\t\t\t\t<a href=\"tel:+34937858785\">\n\n\t\t\t\t\t\t\t\t\t\t\t\t<span class=\"elementor-icon-list-icon\">\n\t\t\t\t\t\t\t<i aria-hidden=\"true\" class=\"fas fa-phone-alt\"><\/i>\t\t\t\t\t\t<\/span>\n\t\t\t\t\t\t\t\t\t\t<span class=\"elementor-icon-list-text\">+34 937 858 785<\/span>\n\t\t\t\t\t\t\t\t\t\t\t<\/a>\n\t\t\t\t\t\t\t\t\t<\/li>\n\t\t\t\t\t\t\t\t<li class=\"elementor-icon-list-item\">\n\t\t\t\t\t\t\t\t\t\t\t<a href=\"mailto:info.construmap@gmail.com\">\n\n\t\t\t\t\t\t\t\t\t\t\t\t<span class=\"elementor-icon-list-icon\">\n\t\t\t\t\t\t\t<i aria-hidden=\"true\" class=\"fas fa-envelope\"><\/i>\t\t\t\t\t\t<\/span>\n\t\t\t\t\t\t\t\t\t\t<span class=\"elementor-icon-list-text\">info.construmap@gmail.com<\/span>\n\t\t\t\t\t\t\t\t\t\t\t<\/a>\n\t\t\t\t\t\t\t\t\t<\/li>\n\t\t\t\t\t\t<\/ul>\n\t\t\t\t\t\t<\/div>\n\t\t\t\t<\/div>\n\t\t\t\t\t<\/div>\n\t\t<\/div>\n\t\t\t\t<div class=\"elementor-column elementor-col-50 elementor-inner-column elementor-element elementor-element-4024670\" data-id=\"4024670\" data-element_type=\"column\" data-e-type=\"column\">\n\t\t\t<div class=\"elementor-widget-wrap\">\n\t\t\t\t\t\t\t<\/div>\n\t\t<\/div>\n\t\t\t\t\t<\/div>\n\t\t<\/section>\n\t\t\t\t\t<\/div>\n\t\t<\/div>\n\t\t\t\t\t<\/div>\n\t\t<\/section>\n\t\t\t\t<\/div>\n\t\t","protected":false},"excerpt":{"rendered":"<p>Automatismes Sol\u00b7licitar un Pressupost Des de Metal\u00b7listeria Construmap podem instal\u00b7lar automatismes a Barcelona amb un servei integral per a muntar la teva porta autom\u00e0tica. Pots sol\u00b7licitar el muntatge del teu automatisme per a tota mena de portes, tanques, reixes\u2026 per a automatitzar l&#8217;obertura i tancament&#8230;<\/p>\n","protected":false},"author":1,"featured_media":0,"parent":0,"menu_order":0,"comment_status":"closed","ping_status":"closed","template":"elementor_header_footer","meta":{"footnotes":""},"class_list":["post-18972","page","type-page","status-publish","hentry"],"yoast_head":"<!-- This site is optimized with the Yoast SEO plugin v27.2 - https:\/\/yoast.com\/product\/yoast-seo-wordpress\/ -->\n<title>Instalar Automatismos para puertas Barcelona - Metalister\u00eda Construmap<\/title>\n<meta name=\"description\" content=\"Instalaci\u00f3n y montajes monitorizados en Barcelona para puertas batientes, puertas correderas... Fabricamos y montamos todos los elementos. \u00a1Entra!\" \/>\n<meta name=\"robots\" content=\"index, follow, max-snippet:-1, max-image-preview:large, max-video-preview:-1\" \/>\n<link rel=\"canonical\" href=\"https:\/\/www.ventanasconstrumap.com\/puertas-automaticas-barcelona\/\" \/>\n<meta property=\"og:locale\" content=\"ca_ES\" \/>\n<meta property=\"og:type\" content=\"article\" \/>\n<meta property=\"og:title\" content=\"Instalar Automatismos para puertas Barcelona - Metalister\u00eda Construmap\" \/>\n<meta property=\"og:description\" content=\"Instalaci\u00f3n y montajes monitorizados en Barcelona para puertas batientes, puertas correderas... Fabricamos y montamos todos los elementos. \u00a1Entra!\" \/>\n<meta property=\"og:url\" content=\"https:\/\/www.ventanasconstrumap.com\/puertas-automaticas-barcelona\/\" \/>\n<meta property=\"og:site_name\" content=\"Metalister\u00eda Construmap\" \/>\n<meta property=\"article:modified_time\" content=\"2024-07-04T09:15:52+00:00\" \/>\n<meta property=\"og:image\" content=\"https:\/\/www.ventanasconstrumap.com\/wp-content\/uploads\/2016\/10\/DSC01435.jpg\" \/>\n\t<meta property=\"og:image:width\" content=\"2592\" \/>\n\t<meta property=\"og:image:height\" content=\"1944\" \/>\n\t<meta property=\"og:image:type\" content=\"image\/jpeg\" \/>\n<meta name=\"twitter:card\" content=\"summary_large_image\" \/>\n<meta name=\"twitter:label1\" content=\"Temps estimat de lectura\" \/>\n\t<meta name=\"twitter:data1\" content=\"2 minuts\" \/>\n<script type=\"application\/ld+json\" class=\"yoast-schema-graph\">{\"@context\":\"https:\/\/schema.org\",\"@graph\":[{\"@type\":\"WebPage\",\"@id\":\"https:\/\/www.ventanasconstrumap.com\/puertas-automaticas-barcelona\/\",\"url\":\"https:\/\/www.ventanasconstrumap.com\/puertas-automaticas-barcelona\/\",\"name\":\"Instalar Automatismos para puertas Barcelona - Metalister\u00eda Construmap\",\"isPartOf\":{\"@id\":\"https:\/\/www.ventanasconstrumap.com\/#website\"},\"primaryImageOfPage\":{\"@id\":\"https:\/\/www.ventanasconstrumap.com\/puertas-automaticas-barcelona\/#primaryimage\"},\"image\":{\"@id\":\"https:\/\/www.ventanasconstrumap.com\/puertas-automaticas-barcelona\/#primaryimage\"},\"thumbnailUrl\":\"https:\/\/www.ventanasconstrumap.com\/wp-content\/uploads\/2016\/10\/DSC01435-1024x768.jpg\",\"datePublished\":\"2019-05-24T10:33:33+00:00\",\"dateModified\":\"2024-07-04T09:15:52+00:00\",\"description\":\"Instalaci\u00f3n y montajes monitorizados en Barcelona para puertas batientes, puertas correderas... Fabricamos y montamos todos los elementos. \u00a1Entra!\",\"breadcrumb\":{\"@id\":\"https:\/\/www.ventanasconstrumap.com\/puertas-automaticas-barcelona\/#breadcrumb\"},\"inLanguage\":\"ca\",\"potentialAction\":[{\"@type\":\"ReadAction\",\"target\":[\"https:\/\/www.ventanasconstrumap.com\/puertas-automaticas-barcelona\/\"]}]},{\"@type\":\"ImageObject\",\"inLanguage\":\"ca\",\"@id\":\"https:\/\/www.ventanasconstrumap.com\/puertas-automaticas-barcelona\/#primaryimage\",\"url\":\"https:\/\/www.ventanasconstrumap.com\/wp-content\/uploads\/2016\/10\/DSC01435-1024x768.jpg\",\"contentUrl\":\"https:\/\/www.ventanasconstrumap.com\/wp-content\/uploads\/2016\/10\/DSC01435-1024x768.jpg\"},{\"@type\":\"BreadcrumbList\",\"@id\":\"https:\/\/www.ventanasconstrumap.com\/puertas-automaticas-barcelona\/#breadcrumb\",\"itemListElement\":[{\"@type\":\"ListItem\",\"position\":1,\"name\":\"Inici\",\"item\":\"https:\/\/www.ventanasconstrumap.com\/ca\/\"},{\"@type\":\"ListItem\",\"position\":2,\"name\":\"Automatismes\"}]},{\"@type\":\"WebSite\",\"@id\":\"https:\/\/www.ventanasconstrumap.com\/#website\",\"url\":\"https:\/\/www.ventanasconstrumap.com\/\",\"name\":\"Metalister\u00eda Construmap\",\"description\":\"\",\"potentialAction\":[{\"@type\":\"SearchAction\",\"target\":{\"@type\":\"EntryPoint\",\"urlTemplate\":\"https:\/\/www.ventanasconstrumap.com\/?s={search_term_string}\"},\"query-input\":{\"@type\":\"PropertyValueSpecification\",\"valueRequired\":true,\"valueName\":\"search_term_string\"}}],\"inLanguage\":\"ca\"}]}<\/script>\n<!-- \/ Yoast SEO plugin. -->","yoast_head_json":{"title":"Instalar Automatismos para puertas Barcelona - Metalister\u00eda Construmap","description":"Instalaci\u00f3n y montajes monitorizados en Barcelona para puertas batientes, puertas correderas... Fabricamos y montamos todos los elementos. \u00a1Entra!","robots":{"index":"index","follow":"follow","max-snippet":"max-snippet:-1","max-image-preview":"max-image-preview:large","max-video-preview":"max-video-preview:-1"},"canonical":"https:\/\/www.ventanasconstrumap.com\/puertas-automaticas-barcelona\/","og_locale":"ca_ES","og_type":"article","og_title":"Instalar Automatismos para puertas Barcelona - Metalister\u00eda Construmap","og_description":"Instalaci\u00f3n y montajes monitorizados en Barcelona para puertas batientes, puertas correderas... Fabricamos y montamos todos los elementos. \u00a1Entra!","og_url":"https:\/\/www.ventanasconstrumap.com\/puertas-automaticas-barcelona\/","og_site_name":"Metalister\u00eda Construmap","article_modified_time":"2024-07-04T09:15:52+00:00","og_image":[{"width":2592,"height":1944,"url":"https:\/\/www.ventanasconstrumap.com\/wp-content\/uploads\/2016\/10\/DSC01435.jpg","type":"image\/jpeg"}],"twitter_card":"summary_large_image","twitter_misc":{"Temps estimat de lectura":"2 minuts"},"schema":{"@context":"https:\/\/schema.org","@graph":[{"@type":"WebPage","@id":"https:\/\/www.ventanasconstrumap.com\/puertas-automaticas-barcelona\/","url":"https:\/\/www.ventanasconstrumap.com\/puertas-automaticas-barcelona\/","name":"Instalar Automatismos para puertas Barcelona - Metalister\u00eda Construmap","isPartOf":{"@id":"https:\/\/www.ventanasconstrumap.com\/#website"},"primaryImageOfPage":{"@id":"https:\/\/www.ventanasconstrumap.com\/puertas-automaticas-barcelona\/#primaryimage"},"image":{"@id":"https:\/\/www.ventanasconstrumap.com\/puertas-automaticas-barcelona\/#primaryimage"},"thumbnailUrl":"https:\/\/www.ventanasconstrumap.com\/wp-content\/uploads\/2016\/10\/DSC01435-1024x768.jpg","datePublished":"2019-05-24T10:33:33+00:00","dateModified":"2024-07-04T09:15:52+00:00","description":"Instalaci\u00f3n y montajes monitorizados en Barcelona para puertas batientes, puertas correderas... Fabricamos y montamos todos los elementos. \u00a1Entra!","breadcrumb":{"@id":"https:\/\/www.ventanasconstrumap.com\/puertas-automaticas-barcelona\/#breadcrumb"},"inLanguage":"ca","potentialAction":[{"@type":"ReadAction","target":["https:\/\/www.ventanasconstrumap.com\/puertas-automaticas-barcelona\/"]}]},{"@type":"ImageObject","inLanguage":"ca","@id":"https:\/\/www.ventanasconstrumap.com\/puertas-automaticas-barcelona\/#primaryimage","url":"https:\/\/www.ventanasconstrumap.com\/wp-content\/uploads\/2016\/10\/DSC01435-1024x768.jpg","contentUrl":"https:\/\/www.ventanasconstrumap.com\/wp-content\/uploads\/2016\/10\/DSC01435-1024x768.jpg"},{"@type":"BreadcrumbList","@id":"https:\/\/www.ventanasconstrumap.com\/puertas-automaticas-barcelona\/#breadcrumb","itemListElement":[{"@type":"ListItem","position":1,"name":"Inici","item":"https:\/\/www.ventanasconstrumap.com\/ca\/"},{"@type":"ListItem","position":2,"name":"Automatismes"}]},{"@type":"WebSite","@id":"https:\/\/www.ventanasconstrumap.com\/#website","url":"https:\/\/www.ventanasconstrumap.com\/","name":"Metalister\u00eda Construmap","description":"","potentialAction":[{"@type":"SearchAction","target":{"@type":"EntryPoint","urlTemplate":"https:\/\/www.ventanasconstrumap.com\/?s={search_term_string}"},"query-input":{"@type":"PropertyValueSpecification","valueRequired":true,"valueName":"search_term_string"}}],"inLanguage":"ca"}]}},"_links":{"self":[{"href":"https:\/\/www.ventanasconstrumap.com\/ca\/wp-json\/wp\/v2\/pages\/18972","targetHints":{"allow":["GET"]}}],"collection":[{"href":"https:\/\/www.ventanasconstrumap.com\/ca\/wp-json\/wp\/v2\/pages"}],"about":[{"href":"https:\/\/www.ventanasconstrumap.com\/ca\/wp-json\/wp\/v2\/types\/page"}],"author":[{"embeddable":true,"href":"https:\/\/www.ventanasconstrumap.com\/ca\/wp-json\/wp\/v2\/users\/1"}],"replies":[{"embeddable":true,"href":"https:\/\/www.ventanasconstrumap.com\/ca\/wp-json\/wp\/v2\/comments?post=18972"}],"version-history":[{"count":16,"href":"https:\/\/www.ventanasconstrumap.com\/ca\/wp-json\/wp\/v2\/pages\/18972\/revisions"}],"predecessor-version":[{"id":19984,"href":"https:\/\/www.ventanasconstrumap.com\/ca\/wp-json\/wp\/v2\/pages\/18972\/revisions\/19984"}],"wp:attachment":[{"href":"https:\/\/www.ventanasconstrumap.com\/ca\/wp-json\/wp\/v2\/media?parent=18972"}],"curies":[{"name":"wp","href":"https:\/\/api.w.org\/{rel}","templated":true}]}}