{"id":19679,"date":"2017-03-10T11:02:28","date_gmt":"2017-03-10T10:02:28","guid":{"rendered":"https:\/\/www.ventanasconstrumap.com\/sistemas-proteccion-solar-barcelona\/"},"modified":"2024-06-25T12:36:32","modified_gmt":"2024-06-25T10:36:32","slug":"sistemes-proteccio-solar-barcelona","status":"publish","type":"page","link":"https:\/\/www.ventanasconstrumap.com\/ca\/sistemes-proteccio-solar-barcelona\/","title":{"rendered":"Sistemes de protecci\u00f3 solar a Barcelona"},"content":{"rendered":"\t\t<div data-elementor-type=\"wp-page\" data-elementor-id=\"19679\" class=\"elementor elementor-19679\" data-elementor-post-type=\"page\">\n\t\t\t\t\t\t<section class=\"elementor-section elementor-top-section elementor-element elementor-element-5e36fe2 elementor-section-content-middle elementor-section-boxed elementor-section-height-default elementor-section-height-default\" data-id=\"5e36fe2\" data-element_type=\"section\" data-e-type=\"section\" data-settings=\"{&quot;background_background&quot;:&quot;classic&quot;}\">\n\t\t\t\t\t\t\t<div class=\"elementor-background-overlay\"><\/div>\n\t\t\t\t\t\t\t<div class=\"elementor-container elementor-column-gap-no\">\n\t\t\t\t\t<div class=\"elementor-column elementor-col-50 elementor-top-column elementor-element elementor-element-34c99a0\" data-id=\"34c99a0\" data-element_type=\"column\" data-e-type=\"column\">\n\t\t\t<div class=\"elementor-widget-wrap elementor-element-populated\">\n\t\t\t\t\t\t<div class=\"elementor-element elementor-element-d1a6db7 elementor-widget elementor-widget-heading\" data-id=\"d1a6db7\" data-element_type=\"widget\" data-e-type=\"widget\" data-widget_type=\"heading.default\">\n\t\t\t\t<div class=\"elementor-widget-container\">\n\t\t\t\t\t<h1 class=\"elementor-heading-title elementor-size-default\">Sistemes de protecci\u00f3 solar a Barcelona\n<\/h1>\t\t\t\t<\/div>\n\t\t\t\t<\/div>\n\t\t\t\t<div class=\"elementor-element elementor-element-84b8aec elementor-align-left elementor-widget elementor-widget-button\" data-id=\"84b8aec\" data-element_type=\"widget\" data-e-type=\"widget\" data-widget_type=\"button.default\">\n\t\t\t\t<div class=\"elementor-widget-container\">\n\t\t\t\t\t\t\t\t\t<div class=\"elementor-button-wrapper\">\n\t\t\t\t\t<a class=\"elementor-button elementor-button-link elementor-size-sm\" href=\"#form-landing\">\n\t\t\t\t\t\t<span class=\"elementor-button-content-wrapper\">\n\t\t\t\t\t\t<span class=\"elementor-button-icon\">\n\t\t\t\t<i aria-hidden=\"true\" class=\"fas fa-arrow-right\"><\/i>\t\t\t<\/span>\n\t\t\t\t\t\t\t\t\t<span class=\"elementor-button-text\">Sol\u00b7licitar un Pressupost<\/span>\n\t\t\t\t\t<\/span>\n\t\t\t\t\t<\/a>\n\t\t\t\t<\/div>\n\t\t\t\t\t\t\t\t<\/div>\n\t\t\t\t<\/div>\n\t\t\t\t\t<\/div>\n\t\t<\/div>\n\t\t\t\t<div class=\"elementor-column elementor-col-50 elementor-top-column elementor-element elementor-element-dc265b1 elementor-hidden-tablet elementor-hidden-phone\" data-id=\"dc265b1\" data-element_type=\"column\" data-e-type=\"column\">\n\t\t\t<div class=\"elementor-widget-wrap\">\n\t\t\t\t\t\t\t<\/div>\n\t\t<\/div>\n\t\t\t\t\t<\/div>\n\t\t<\/section>\n\t\t\t\t<section class=\"elementor-section elementor-top-section elementor-element elementor-element-cceb99b elementor-section-boxed elementor-section-height-default elementor-section-height-default\" data-id=\"cceb99b\" data-element_type=\"section\" data-e-type=\"section\">\n\t\t\t\t\t\t<div class=\"elementor-container elementor-column-gap-default\">\n\t\t\t\t\t<div class=\"elementor-column elementor-col-100 elementor-top-column elementor-element elementor-element-04506e9\" data-id=\"04506e9\" data-element_type=\"column\" data-e-type=\"column\">\n\t\t\t<div class=\"elementor-widget-wrap elementor-element-populated\">\n\t\t\t\t\t\t<div class=\"elementor-element elementor-element-4f7791d elementor-hidden-desktop elementor-hidden-tablet elementor-widget elementor-widget-image\" data-id=\"4f7791d\" data-element_type=\"widget\" data-e-type=\"widget\" data-widget_type=\"image.default\">\n\t\t\t\t<div class=\"elementor-widget-container\">\n\t\t\t\t\t\t\t\t\t\t\t\t\t\t\t<img fetchpriority=\"high\" decoding=\"async\" width=\"1200\" height=\"1600\" src=\"https:\/\/www.ventanasconstrumap.com\/wp-content\/uploads\/2016\/10\/IMG_1191.jpg\" class=\"attachment-full size-full wp-image-15493\" alt=\"img_1191\" srcset=\"https:\/\/www.ventanasconstrumap.com\/wp-content\/uploads\/2016\/10\/IMG_1191.jpg 1200w, https:\/\/www.ventanasconstrumap.com\/wp-content\/uploads\/2016\/10\/IMG_1191-225x300.jpg 225w, https:\/\/www.ventanasconstrumap.com\/wp-content\/uploads\/2016\/10\/IMG_1191-768x1024.jpg 768w, https:\/\/www.ventanasconstrumap.com\/wp-content\/uploads\/2016\/10\/IMG_1191-600x800.jpg 600w, https:\/\/www.ventanasconstrumap.com\/wp-content\/uploads\/2016\/10\/IMG_1191-700x933.jpg 700w\" sizes=\"(max-width: 1200px) 100vw, 1200px\" title=\"\">\t\t\t\t\t\t\t\t\t\t\t\t\t\t\t<\/div>\n\t\t\t\t<\/div>\n\t\t\t\t\t<\/div>\n\t\t<\/div>\n\t\t\t\t\t<\/div>\n\t\t<\/section>\n\t\t\t\t<section class=\"elementor-section elementor-top-section elementor-element elementor-element-b556b38 elementor-section-boxed elementor-section-height-default elementor-section-height-default\" data-id=\"b556b38\" data-element_type=\"section\" data-e-type=\"section\">\n\t\t\t\t\t\t<div class=\"elementor-container elementor-column-gap-default\">\n\t\t\t\t\t<div class=\"elementor-column elementor-col-50 elementor-top-column elementor-element elementor-element-92ee263\" data-id=\"92ee263\" data-element_type=\"column\" data-e-type=\"column\">\n\t\t\t<div class=\"elementor-widget-wrap elementor-element-populated\">\n\t\t\t\t\t\t<div class=\"elementor-element elementor-element-772d98a elementor-widget elementor-widget-text-editor\" data-id=\"772d98a\" data-element_type=\"widget\" data-e-type=\"widget\" data-widget_type=\"text-editor.default\">\n\t\t\t\t<div class=\"elementor-widget-container\">\n\t\t\t\t\t\t\t\t\t<p>Coneguts s\u00f3n els beneficis d&#8217;aconseguir llum solar en els nostres edificis com el fet que la gent respon m\u00e9s eficientment quan tenim visi\u00f3 de l&#8217;exterior i augmenta la nostra productivitat laboral amb l&#8217;adequada llum natural. Per aquest motiu, en Construmap evolucionem constantment per a oferir els millors <strong>sistemes de protecci\u00f3 solar a Barcelona<\/strong>, a m\u00e9s d&#8217;altres productes com a <a title=\"Fabricaci\u00f3n de vallas de acero en Barcelona\" href=\"\/ca\/fabricacion-barres-acer-barcelona\/\">tanques<\/a>, serralleria en general\u2026 que permetin a les edificacions un major profit dels recursos naturals.<\/p><p>Perqu\u00e8 oferir aquests sistemes de <strong>protecci\u00f3 solar a Barcelona<\/strong>? Perqu\u00e8 la tend\u00e8ncia actual a construir edificis de grans <a title=\"Fachadas acristaladas en Barcelona\" href=\"\/ca\/facanes-envidrades-barcelona\/\">fa\u00e7anes envidrades<\/a> s&#8217;oposa a l&#8217;objectiu global de disminuir el consum energ\u00e8tic, amb el que molts arquitectes busquen soluci\u00f3nes per a aconseguir l&#8217;\u00fas \u00f2ptim de la llum natural evitant l&#8217;exc\u00e9s de guany t\u00e8rmic.<\/p><p>Els sistemes de protecci\u00f3 solar a Barcelona que oferim en Construmap aconsegueixen arribar a tots aquests objectius, a m\u00e9s de millorar l&#8217;est\u00e8tica dels edificis.<\/p>\t\t\t\t\t\t\t\t<\/div>\n\t\t\t\t<\/div>\n\t\t\t\t\t<\/div>\n\t\t<\/div>\n\t\t\t\t<div class=\"elementor-column elementor-col-50 elementor-top-column elementor-element elementor-element-94ac7f9 elementor-hidden-phone\" data-id=\"94ac7f9\" data-element_type=\"column\" data-e-type=\"column\" data-settings=\"{&quot;background_background&quot;:&quot;classic&quot;}\">\n\t\t\t<div class=\"elementor-widget-wrap\">\n\t\t\t\t\t\t\t<\/div>\n\t\t<\/div>\n\t\t\t\t\t<\/div>\n\t\t<\/section>\n\t\t\t\t<section class=\"elementor-section elementor-top-section elementor-element elementor-element-5a3d515 elementor-section-stretched elementor-section-boxed elementor-section-height-default elementor-section-height-default\" data-id=\"5a3d515\" data-element_type=\"section\" data-e-type=\"section\" data-settings=\"{&quot;stretch_section&quot;:&quot;section-stretched&quot;,&quot;background_background&quot;:&quot;classic&quot;}\">\n\t\t\t\t\t\t<div class=\"elementor-container elementor-column-gap-default\">\n\t\t\t\t\t<div class=\"elementor-column elementor-col-100 elementor-top-column elementor-element elementor-element-405780b\" data-id=\"405780b\" data-element_type=\"column\" data-e-type=\"column\" data-settings=\"{&quot;background_background&quot;:&quot;classic&quot;}\">\n\t\t\t<div class=\"elementor-widget-wrap elementor-element-populated\">\n\t\t\t\t\t\t<div class=\"elementor-element elementor-element-07e5243 elementor-widget elementor-widget-heading\" data-id=\"07e5243\" data-element_type=\"widget\" data-e-type=\"widget\" data-widget_type=\"heading.default\">\n\t\t\t\t<div class=\"elementor-widget-container\">\n\t\t\t\t\t<h2 class=\"elementor-heading-title elementor-size-default\"><span style=\"color:#A8241F\">SOLICITA PRESUPUESTO<\/span> GRATUITAMENTE<\/h2>\t\t\t\t<\/div>\n\t\t\t\t<\/div>\n\t\t\t\t<section class=\"elementor-section elementor-inner-section elementor-element elementor-element-7bbc027 elementor-section-boxed elementor-section-height-default elementor-section-height-default\" data-id=\"7bbc027\" data-element_type=\"section\" data-e-type=\"section\">\n\t\t\t\t\t\t<div class=\"elementor-container elementor-column-gap-default\">\n\t\t\t\t\t<div class=\"elementor-column elementor-col-50 elementor-inner-column elementor-element elementor-element-a699f9b\" data-id=\"a699f9b\" data-element_type=\"column\" data-e-type=\"column\">\n\t\t\t<div class=\"elementor-widget-wrap elementor-element-populated\">\n\t\t\t\t\t\t<div class=\"elementor-element elementor-element-5039931 elementor-widget elementor-widget-image\" data-id=\"5039931\" data-element_type=\"widget\" data-e-type=\"widget\" data-widget_type=\"image.default\">\n\t\t\t\t<div class=\"elementor-widget-container\">\n\t\t\t\t\t\t\t\t\t\t\t\t\t\t\t<img decoding=\"async\" src=\"https:\/\/www.ventanasconstrumap.com\/wp-content\/uploads\/elementor\/thumbs\/Elipse_2@2x-rinkpvhe7zdj8uuqs30inkazxrdsa8zvv78c202jj0.png\" title=\"Elipse_2@2x.png\" alt=\"Elipse_2@2x.png\" loading=\"lazy\" \/>\t\t\t\t\t\t\t\t\t\t\t\t\t\t\t<\/div>\n\t\t\t\t<\/div>\n\t\t\t\t<div class=\"elementor-element elementor-element-9123fec elementor-icon-list--layout-traditional elementor-list-item-link-full_width elementor-widget elementor-widget-icon-list\" data-id=\"9123fec\" data-element_type=\"widget\" data-e-type=\"widget\" data-widget_type=\"icon-list.default\">\n\t\t\t\t<div class=\"elementor-widget-container\">\n\t\t\t\t\t\t\t<ul class=\"elementor-icon-list-items\">\n\t\t\t\t\t\t\t<li class=\"elementor-icon-list-item\">\n\t\t\t\t\t\t\t\t\t\t\t<span class=\"elementor-icon-list-icon\">\n\t\t\t\t\t\t\t<i aria-hidden=\"true\" class=\"fas fa-map-marker-alt\"><\/i>\t\t\t\t\t\t<\/span>\n\t\t\t\t\t\t\t\t\t\t<span class=\"elementor-icon-list-text\">C\/ Ramon y Cajal, 157 08222 Terrassa (Barcelona)<\/span>\n\t\t\t\t\t\t\t\t\t<\/li>\n\t\t\t\t\t\t\t\t<li class=\"elementor-icon-list-item\">\n\t\t\t\t\t\t\t\t\t\t\t<a href=\"tel:+34937858785\">\n\n\t\t\t\t\t\t\t\t\t\t\t\t<span class=\"elementor-icon-list-icon\">\n\t\t\t\t\t\t\t<i aria-hidden=\"true\" class=\"fas fa-phone-alt\"><\/i>\t\t\t\t\t\t<\/span>\n\t\t\t\t\t\t\t\t\t\t<span class=\"elementor-icon-list-text\">+34 937 858 785<\/span>\n\t\t\t\t\t\t\t\t\t\t\t<\/a>\n\t\t\t\t\t\t\t\t\t<\/li>\n\t\t\t\t\t\t\t\t<li class=\"elementor-icon-list-item\">\n\t\t\t\t\t\t\t\t\t\t\t<a href=\"mailto:info.construmap@gmail.com\">\n\n\t\t\t\t\t\t\t\t\t\t\t\t<span class=\"elementor-icon-list-icon\">\n\t\t\t\t\t\t\t<i aria-hidden=\"true\" class=\"fas fa-envelope\"><\/i>\t\t\t\t\t\t<\/span>\n\t\t\t\t\t\t\t\t\t\t<span class=\"elementor-icon-list-text\">info.construmap@gmail.com<\/span>\n\t\t\t\t\t\t\t\t\t\t\t<\/a>\n\t\t\t\t\t\t\t\t\t<\/li>\n\t\t\t\t\t\t<\/ul>\n\t\t\t\t\t\t<\/div>\n\t\t\t\t<\/div>\n\t\t\t\t\t<\/div>\n\t\t<\/div>\n\t\t\t\t<div class=\"elementor-column elementor-col-50 elementor-inner-column elementor-element elementor-element-b9d884f\" data-id=\"b9d884f\" data-element_type=\"column\" data-e-type=\"column\">\n\t\t\t<div class=\"elementor-widget-wrap elementor-element-populated\">\n\t\t\t\t\t\t<div class=\"elementor-element elementor-element-ad9f830 elementor-button-align-stretch elementor-widget elementor-widget-form\" data-id=\"ad9f830\" data-element_type=\"widget\" data-e-type=\"widget\" data-settings=\"{&quot;step_next_label&quot;:&quot;Next&quot;,&quot;step_previous_label&quot;:&quot;Previous&quot;,&quot;button_width&quot;:&quot;100&quot;,&quot;step_type&quot;:&quot;number_text&quot;,&quot;step_icon_shape&quot;:&quot;circle&quot;}\" data-widget_type=\"form.default\">\n\t\t\t\t<div class=\"elementor-widget-container\">\n\t\t\t\t\t\t\t<form class=\"elementor-form\" method=\"post\" name=\"New Form\">\n\t\t\t<input type=\"hidden\" name=\"post_id\" value=\"19679\"\/>\n\t\t\t<input type=\"hidden\" name=\"form_id\" value=\"ad9f830\"\/>\n\t\t\t<input type=\"hidden\" name=\"referer_title\" value=\"Metalister\u00eda Construmap\" \/>\n\n\t\t\t\n\t\t\t<div class=\"elementor-form-fields-wrapper elementor-labels-\">\n\t\t\t\t\t\t\t\t<div class=\"elementor-field-type-text elementor-field-group elementor-column elementor-field-group-name elementor-col-100\">\n\t\t\t\t\t\t\t\t\t\t\t\t\t<input size=\"1\" type=\"text\" name=\"form_fields[name]\" id=\"form-field-name\" class=\"elementor-field elementor-size-md  elementor-field-textual\" placeholder=\"Nombre*\">\n\t\t\t\t\t\t\t\t\t\t\t<\/div>\n\t\t\t\t\t\t\t\t<div class=\"elementor-field-type-tel elementor-field-group elementor-column elementor-field-group-email elementor-col-100 elementor-field-required\">\n\t\t\t\t\t\t\t<input size=\"1\" type=\"tel\" name=\"form_fields[email]\" id=\"form-field-email\" class=\"elementor-field elementor-size-md  elementor-field-textual\" placeholder=\"Tel\u00e9fono*\" required=\"required\" aria-required=\"true\" pattern=\"[0-9()#&amp;+*-=.]+\" title=\"Only numbers and phone characters (#, -, *, etc) are accepted.\">\n\n\t\t\t\t\t\t<\/div>\n\t\t\t\t\t\t\t\t<div class=\"elementor-field-type-textarea elementor-field-group elementor-column elementor-field-group-message elementor-col-100 elementor-field-required\">\n\t\t\t\t\t<textarea class=\"elementor-field-textual elementor-field  elementor-size-md\" name=\"form_fields&lt;div class=&#039;q_message &#039; style=&#039;&#039;&gt;&lt;div class=&#039;q_message_inner&#039;&gt;&lt;a href=&#039;#&#039; class=&#039;close&#039;&gt;&lt;i class=&#039;fa fa-times&#039; style=&#039;&#039;&gt;&lt;\/i&gt;&lt;\/a&gt;&lt;div class=&#039;message_text_holder&#039;&gt;&lt;div class=&#039;message_text&#039;&gt;&lt;div class=&#039;message_text_inner&#039;&gt;&lt;\/div&gt;&lt;\/div&gt;&lt;\/div&gt;&lt;\/div&gt;&lt;\/div&gt;\" id=\"form-field-message\" rows=\"4\" placeholder=\"Mensaje*\" required=\"required\" aria-required=\"true\"><\/textarea>\t\t\t\t<\/div>\n\t\t\t\t\t\t\t\t<div class=\"elementor-field-type-checkbox elementor-field-group elementor-column elementor-field-group-field_e1d90e8 elementor-col-100\">\n\t\t\t\t\t<div class=\"elementor-field-subgroup  \"><span class=\"elementor-field-option\"><input type=\"checkbox\" value=\"Acepto la pol\u00edtica de privacidad\" id=\"form-field-field_e1d90e8-0\" name=\"form_fields[field_e1d90e8]\"> <label for=\"form-field-field_e1d90e8-0\">Acepto la pol\u00edtica de privacidad<\/label><\/span><\/div>\t\t\t\t<\/div>\n\t\t\t\t\t\t\t\t<div class=\"elementor-field-group elementor-column elementor-field-type-submit elementor-col-100 e-form__buttons\">\n\t\t\t\t\t<button type=\"submit\" class=\"elementor-button elementor-size-md\">\n\t\t\t\t\t\t<span >\n\t\t\t\t\t\t\t\t\t\t\t\t\t\t\t<span class=\" elementor-button-icon\">\n\t\t\t\t\t\t\t\t\t\t\t\t\t\t\t\t\t\t\t\t\t\t\t\t\t\t<\/span>\n\t\t\t\t\t\t\t\t\t\t\t\t\t\t\t\t\t\t\t\t\t\t<span class=\"elementor-button-text\">Enviar Solicitud<\/span>\n\t\t\t\t\t\t\t\t\t\t\t\t\t<\/span>\n\t\t\t\t\t<\/button>\n\t\t\t\t<\/div>\n\t\t\t<\/div>\n\t\t<\/form>\n\t\t\t\t\t\t<\/div>\n\t\t\t\t<\/div>\n\t\t\t\t\t<\/div>\n\t\t<\/div>\n\t\t\t\t\t<\/div>\n\t\t<\/section>\n\t\t\t\t\t<\/div>\n\t\t<\/div>\n\t\t\t\t\t<\/div>\n\t\t<\/section>\n\t\t\t\t<\/div>\n\t\t","protected":false},"excerpt":{"rendered":"<p>Sistemes de protecci\u00f3 solar a Barcelona Sol\u00b7licitar un Pressupost Coneguts s\u00f3n els beneficis d&#8217;aconseguir llum solar en els nostres edificis com el fet que la gent respon m\u00e9s eficientment quan tenim visi\u00f3 de l&#8217;exterior i augmenta la nostra productivitat laboral amb l&#8217;adequada llum natural. Per&#8230;<\/p>\n","protected":false},"author":1,"featured_media":0,"parent":0,"menu_order":0,"comment_status":"closed","ping_status":"closed","template":"elementor_header_footer","meta":{"footnotes":""},"class_list":["post-19679","page","type-page","status-publish","hentry"],"yoast_head":"<!-- This site is optimized with the Yoast SEO plugin v27.2 - https:\/\/yoast.com\/product\/yoast-seo-wordpress\/ -->\n<title>Sistemes de protecci\u00f3 solar a Barcelona - Metalister\u00eda Construmap<\/title>\n<meta name=\"description\" content=\"Si necesitas instalar sistemas de protecci\u00f3n solar en Barcelona, est\u00e1s en el lugar adecuado. En Construmap tenemos las mejores calidades. Somos especialistas en la instalaci\u00f3n de fachadas ventiladas, barandas y escaleras de aluminio y mucho m\u00e1s \u00a1Cont\u00e1ctanos!\" \/>\n<meta name=\"robots\" content=\"index, follow, max-snippet:-1, max-image-preview:large, max-video-preview:-1\" \/>\n<link rel=\"canonical\" href=\"https:\/\/www.ventanasconstrumap.com\/sistemes-proteccio-solar-barcelona\/\" \/>\n<meta property=\"og:locale\" content=\"ca_ES\" \/>\n<meta property=\"og:type\" content=\"article\" \/>\n<meta property=\"og:title\" content=\"Sistemes de protecci\u00f3 solar a Barcelona - Metalister\u00eda Construmap\" \/>\n<meta property=\"og:description\" content=\"Si necesitas instalar sistemas de protecci\u00f3n solar en Barcelona, est\u00e1s en el lugar adecuado. En Construmap tenemos las mejores calidades. Somos especialistas en la instalaci\u00f3n de fachadas ventiladas, barandas y escaleras de aluminio y mucho m\u00e1s \u00a1Cont\u00e1ctanos!\" \/>\n<meta property=\"og:url\" content=\"https:\/\/www.ventanasconstrumap.com\/sistemes-proteccio-solar-barcelona\/\" \/>\n<meta property=\"og:site_name\" content=\"Metalister\u00eda Construmap\" \/>\n<meta property=\"article:modified_time\" content=\"2024-06-25T10:36:32+00:00\" \/>\n<meta property=\"og:image\" content=\"https:\/\/www.ventanasconstrumap.com\/wp-content\/uploads\/2016\/10\/IMG_1191.jpg\" \/>\n\t<meta property=\"og:image:width\" content=\"1200\" \/>\n\t<meta property=\"og:image:height\" content=\"1600\" \/>\n\t<meta property=\"og:image:type\" content=\"image\/jpeg\" \/>\n<meta name=\"twitter:card\" content=\"summary_large_image\" \/>\n<meta name=\"twitter:label1\" content=\"Temps estimat de lectura\" \/>\n\t<meta name=\"twitter:data1\" content=\"1 minut\" \/>\n<script type=\"application\/ld+json\" class=\"yoast-schema-graph\">{\"@context\":\"https:\/\/schema.org\",\"@graph\":[{\"@type\":\"WebPage\",\"@id\":\"https:\/\/www.ventanasconstrumap.com\/sistemes-proteccio-solar-barcelona\/\",\"url\":\"https:\/\/www.ventanasconstrumap.com\/sistemes-proteccio-solar-barcelona\/\",\"name\":\"Sistemes de protecci\u00f3 solar a Barcelona - Metalister\u00eda Construmap\",\"isPartOf\":{\"@id\":\"https:\/\/www.ventanasconstrumap.com\/#website\"},\"primaryImageOfPage\":{\"@id\":\"https:\/\/www.ventanasconstrumap.com\/sistemes-proteccio-solar-barcelona\/#primaryimage\"},\"image\":{\"@id\":\"https:\/\/www.ventanasconstrumap.com\/sistemes-proteccio-solar-barcelona\/#primaryimage\"},\"thumbnailUrl\":\"https:\/\/www.ventanasconstrumap.com\/wp-content\/uploads\/2016\/10\/IMG_1191.jpg\",\"datePublished\":\"2017-03-10T10:02:28+00:00\",\"dateModified\":\"2024-06-25T10:36:32+00:00\",\"description\":\"Si necesitas instalar sistemas de protecci\u00f3n solar en Barcelona, est\u00e1s en el lugar adecuado. En Construmap tenemos las mejores calidades. Somos especialistas en la instalaci\u00f3n de fachadas ventiladas, barandas y escaleras de aluminio y mucho m\u00e1s \u00a1Cont\u00e1ctanos!\",\"breadcrumb\":{\"@id\":\"https:\/\/www.ventanasconstrumap.com\/sistemes-proteccio-solar-barcelona\/#breadcrumb\"},\"inLanguage\":\"ca\",\"potentialAction\":[{\"@type\":\"ReadAction\",\"target\":[\"https:\/\/www.ventanasconstrumap.com\/sistemes-proteccio-solar-barcelona\/\"]}]},{\"@type\":\"ImageObject\",\"inLanguage\":\"ca\",\"@id\":\"https:\/\/www.ventanasconstrumap.com\/sistemes-proteccio-solar-barcelona\/#primaryimage\",\"url\":\"https:\/\/www.ventanasconstrumap.com\/wp-content\/uploads\/2016\/10\/IMG_1191.jpg\",\"contentUrl\":\"https:\/\/www.ventanasconstrumap.com\/wp-content\/uploads\/2016\/10\/IMG_1191.jpg\"},{\"@type\":\"BreadcrumbList\",\"@id\":\"https:\/\/www.ventanasconstrumap.com\/sistemes-proteccio-solar-barcelona\/#breadcrumb\",\"itemListElement\":[{\"@type\":\"ListItem\",\"position\":1,\"name\":\"Inici\",\"item\":\"https:\/\/www.ventanasconstrumap.com\/ca\/\"},{\"@type\":\"ListItem\",\"position\":2,\"name\":\"Sistemes de protecci\u00f3 solar a Barcelona\"}]},{\"@type\":\"WebSite\",\"@id\":\"https:\/\/www.ventanasconstrumap.com\/#website\",\"url\":\"https:\/\/www.ventanasconstrumap.com\/\",\"name\":\"Metalister\u00eda Construmap\",\"description\":\"\",\"potentialAction\":[{\"@type\":\"SearchAction\",\"target\":{\"@type\":\"EntryPoint\",\"urlTemplate\":\"https:\/\/www.ventanasconstrumap.com\/?s={search_term_string}\"},\"query-input\":{\"@type\":\"PropertyValueSpecification\",\"valueRequired\":true,\"valueName\":\"search_term_string\"}}],\"inLanguage\":\"ca\"}]}<\/script>\n<!-- \/ Yoast SEO plugin. -->","yoast_head_json":{"title":"Sistemes de protecci\u00f3 solar a Barcelona - Metalister\u00eda Construmap","description":"Si necesitas instalar sistemas de protecci\u00f3n solar en Barcelona, est\u00e1s en el lugar adecuado. En Construmap tenemos las mejores calidades. Somos especialistas en la instalaci\u00f3n de fachadas ventiladas, barandas y escaleras de aluminio y mucho m\u00e1s \u00a1Cont\u00e1ctanos!","robots":{"index":"index","follow":"follow","max-snippet":"max-snippet:-1","max-image-preview":"max-image-preview:large","max-video-preview":"max-video-preview:-1"},"canonical":"https:\/\/www.ventanasconstrumap.com\/sistemes-proteccio-solar-barcelona\/","og_locale":"ca_ES","og_type":"article","og_title":"Sistemes de protecci\u00f3 solar a Barcelona - Metalister\u00eda Construmap","og_description":"Si necesitas instalar sistemas de protecci\u00f3n solar en Barcelona, est\u00e1s en el lugar adecuado. En Construmap tenemos las mejores calidades. Somos especialistas en la instalaci\u00f3n de fachadas ventiladas, barandas y escaleras de aluminio y mucho m\u00e1s \u00a1Cont\u00e1ctanos!","og_url":"https:\/\/www.ventanasconstrumap.com\/sistemes-proteccio-solar-barcelona\/","og_site_name":"Metalister\u00eda Construmap","article_modified_time":"2024-06-25T10:36:32+00:00","og_image":[{"width":1200,"height":1600,"url":"https:\/\/www.ventanasconstrumap.com\/wp-content\/uploads\/2016\/10\/IMG_1191.jpg","type":"image\/jpeg"}],"twitter_card":"summary_large_image","twitter_misc":{"Temps estimat de lectura":"1 minut"},"schema":{"@context":"https:\/\/schema.org","@graph":[{"@type":"WebPage","@id":"https:\/\/www.ventanasconstrumap.com\/sistemes-proteccio-solar-barcelona\/","url":"https:\/\/www.ventanasconstrumap.com\/sistemes-proteccio-solar-barcelona\/","name":"Sistemes de protecci\u00f3 solar a Barcelona - Metalister\u00eda Construmap","isPartOf":{"@id":"https:\/\/www.ventanasconstrumap.com\/#website"},"primaryImageOfPage":{"@id":"https:\/\/www.ventanasconstrumap.com\/sistemes-proteccio-solar-barcelona\/#primaryimage"},"image":{"@id":"https:\/\/www.ventanasconstrumap.com\/sistemes-proteccio-solar-barcelona\/#primaryimage"},"thumbnailUrl":"https:\/\/www.ventanasconstrumap.com\/wp-content\/uploads\/2016\/10\/IMG_1191.jpg","datePublished":"2017-03-10T10:02:28+00:00","dateModified":"2024-06-25T10:36:32+00:00","description":"Si necesitas instalar sistemas de protecci\u00f3n solar en Barcelona, est\u00e1s en el lugar adecuado. En Construmap tenemos las mejores calidades. Somos especialistas en la instalaci\u00f3n de fachadas ventiladas, barandas y escaleras de aluminio y mucho m\u00e1s \u00a1Cont\u00e1ctanos!","breadcrumb":{"@id":"https:\/\/www.ventanasconstrumap.com\/sistemes-proteccio-solar-barcelona\/#breadcrumb"},"inLanguage":"ca","potentialAction":[{"@type":"ReadAction","target":["https:\/\/www.ventanasconstrumap.com\/sistemes-proteccio-solar-barcelona\/"]}]},{"@type":"ImageObject","inLanguage":"ca","@id":"https:\/\/www.ventanasconstrumap.com\/sistemes-proteccio-solar-barcelona\/#primaryimage","url":"https:\/\/www.ventanasconstrumap.com\/wp-content\/uploads\/2016\/10\/IMG_1191.jpg","contentUrl":"https:\/\/www.ventanasconstrumap.com\/wp-content\/uploads\/2016\/10\/IMG_1191.jpg"},{"@type":"BreadcrumbList","@id":"https:\/\/www.ventanasconstrumap.com\/sistemes-proteccio-solar-barcelona\/#breadcrumb","itemListElement":[{"@type":"ListItem","position":1,"name":"Inici","item":"https:\/\/www.ventanasconstrumap.com\/ca\/"},{"@type":"ListItem","position":2,"name":"Sistemes de protecci\u00f3 solar a Barcelona"}]},{"@type":"WebSite","@id":"https:\/\/www.ventanasconstrumap.com\/#website","url":"https:\/\/www.ventanasconstrumap.com\/","name":"Metalister\u00eda Construmap","description":"","potentialAction":[{"@type":"SearchAction","target":{"@type":"EntryPoint","urlTemplate":"https:\/\/www.ventanasconstrumap.com\/?s={search_term_string}"},"query-input":{"@type":"PropertyValueSpecification","valueRequired":true,"valueName":"search_term_string"}}],"inLanguage":"ca"}]}},"_links":{"self":[{"href":"https:\/\/www.ventanasconstrumap.com\/ca\/wp-json\/wp\/v2\/pages\/19679","targetHints":{"allow":["GET"]}}],"collection":[{"href":"https:\/\/www.ventanasconstrumap.com\/ca\/wp-json\/wp\/v2\/pages"}],"about":[{"href":"https:\/\/www.ventanasconstrumap.com\/ca\/wp-json\/wp\/v2\/types\/page"}],"author":[{"embeddable":true,"href":"https:\/\/www.ventanasconstrumap.com\/ca\/wp-json\/wp\/v2\/users\/1"}],"replies":[{"embeddable":true,"href":"https:\/\/www.ventanasconstrumap.com\/ca\/wp-json\/wp\/v2\/comments?post=19679"}],"version-history":[{"count":4,"href":"https:\/\/www.ventanasconstrumap.com\/ca\/wp-json\/wp\/v2\/pages\/19679\/revisions"}],"predecessor-version":[{"id":19687,"href":"https:\/\/www.ventanasconstrumap.com\/ca\/wp-json\/wp\/v2\/pages\/19679\/revisions\/19687"}],"wp:attachment":[{"href":"https:\/\/www.ventanasconstrumap.com\/ca\/wp-json\/wp\/v2\/media?parent=19679"}],"curies":[{"name":"wp","href":"https:\/\/api.w.org\/{rel}","templated":true}]}}